{"id":737,"date":"2026-01-09T12:28:57","date_gmt":"2026-01-09T12:28:57","guid":{"rendered":"https:\/\/microservei.com\/ciberseguretat\/"},"modified":"2026-01-22T10:24:58","modified_gmt":"2026-01-22T10:24:58","slug":"ciberseguretat","status":"publish","type":"page","link":"https:\/\/microservei.com\/ca\/ciberseguretat\/","title":{"rendered":"Ciberseguretat"},"content":{"rendered":"<p>[et_pb_section fb_built=&#8221;1&#8243; custom_padding_last_edited=&#8221;on|phone&#8221; _builder_version=&#8221;4.27.5&#8243; _module_preset=&#8221;default&#8221; use_background_color_gradient=&#8221;on&#8221; background_color_gradient_type=&#8221;elliptical&#8221; background_color_gradient_direction_radial=&#8221;top left&#8221; background_color_gradient_stops=&#8221;#000000 0%|rgba(63,37,191,0.5) 100%&#8221; background_image=&#8221;https:\/\/microservei.com\/wp-content\/uploads\/2025\/12\/vista-de-angulo-alto-del-teclado-de-la-computadora.webp&#8221; background_blend=&#8221;color-burn&#8221; custom_margin=&#8221;-16em||||false|false&#8221; custom_padding=&#8221;16em||12em||false|false&#8221; custom_padding_tablet=&#8221;12em||2em||false|false&#8221; custom_padding_phone=&#8221;15em||10em||false|false&#8221; hover_enabled=&#8221;0&#8243; global_colors_info=&#8221;{}&#8221; custom_margin_last_edited=&#8221;on|phone&#8221; custom_margin_phone=&#8221;-14em||||false|false&#8221; sticky_enabled=&#8221;0&#8243; custom_margin_tablet=&#8221;-16em||||false|false&#8221;][et_pb_row column_structure=&#8221;3_5,2_5&#8243; _builder_version=&#8221;4.27.5&#8243; _module_preset=&#8221;default&#8221; global_colors_info=&#8221;{%22gcid-3ab956e5-80c5-4abe-b2b0-1abf5f1c2c39%22:%91%22header_text_color%22,%22text_text_color%22%93}&#8221; header_font_size_phone=&#8221;32px&#8221; header_font_size_last_edited=&#8221;on|phone&#8221;][et_pb_column type=&#8221;3_5&#8243; _builder_version=&#8221;4.27.5&#8243; _module_preset=&#8221;default&#8221; global_colors_info=&#8221;{}&#8221;][et_pb_text _builder_version=&#8221;4.27.5&#8243; _module_preset=&#8221;default&#8221; text_text_color=&#8221;gcid-3ab956e5-80c5-4abe-b2b0-1abf5f1c2c39&#8243; header_font=&#8221;|||on|||||&#8221; header_text_color=&#8221;gcid-3ab956e5-80c5-4abe-b2b0-1abf5f1c2c39&#8243; header_font_size_tablet=&#8221;&#8221; header_font_size_phone=&#8221;32px&#8221; header_font_size_last_edited=&#8221;on|phone&#8221; global_colors_info=&#8221;{%22gcid-3ab956e5-80c5-4abe-b2b0-1abf5f1c2c39%22:%91%22header_text_color%22,%22text_text_color%22,%22header_text_color%22,%22text_text_color%22%93}&#8221;]<\/p>\n<p><span style=\"font-size: 1.2em;\"><strong>Protegeix all\u00f2 que m\u00e9s importa d&#8217;atacs i amenaces<\/strong><\/span><\/p>\n<h1>Els serveis de Ciberseguretat protegeixen la teva empresa de les amenaces i atacs que estan en constant evoluci\u00f3<\/h1>\n<p>En el panorama digital actual, protegir el teu negoci de les ciberamenaces \u00e9s m\u00e9s crucial que mai. A Microservei, oferim solucions integrals de ciberseguretat dissenyades per protegir les teves dades confidencials i garantir la continu\u00eftat de les teves operacions complint amb el RGPD. <\/p>\n<p>[\/et_pb_text][et_pb_button button_url=&#8221;https:\/\/microservei.com\/ca\/contacte\/&#8221; button_text=&#8221;Programar una consulta&#8221; _builder_version=&#8221;4.27.5&#8243; _module_preset=&#8221;default&#8221; global_colors_info=&#8221;{}&#8221;][\/et_pb_button][\/et_pb_column][et_pb_column type=&#8221;2_5&#8243; _builder_version=&#8221;4.27.5&#8243; _module_preset=&#8221;default&#8221; global_colors_info=&#8221;{}&#8221;][\/et_pb_column][\/et_pb_row][\/et_pb_section][et_pb_section fb_built=&#8221;1&#8243; _builder_version=&#8221;4.27.5&#8243; _module_preset=&#8221;default&#8221; background_color=&#8221;#FFFFFF&#8221; background_enable_image=&#8221;off&#8221; module_alignment=&#8221;right&#8221; custom_padding=&#8221;32px||32px|||&#8221; border_width_bottom=&#8221;1px&#8221; border_color_bottom=&#8221;#000000&#8243; global_colors_info=&#8221;{}&#8221;][et_pb_row _builder_version=&#8221;4.27.5&#8243; _module_preset=&#8221;default&#8221; custom_padding=&#8221;0px||0px|||&#8221; global_colors_info=&#8221;{}&#8221;][et_pb_column type=&#8221;4_4&#8243; _builder_version=&#8221;4.27.5&#8243; _module_preset=&#8221;default&#8221; global_colors_info=&#8221;{}&#8221;][et_pb_toggle title=&#8221;Protecci\u00f3 i Monitoratge en temps real per a una Ciberseguretat a l&#039;al\u00e7ada&#8221; open_toggle_text_color=&#8221;#000000&#8243; icon_color=&#8221;#000000&#8243; toggle_icon=&#8221;&#x35;||divi||400&#8243; use_icon_font_size=&#8221;on&#8221; icon_font_size=&#8221;70px&#8221; open_icon_color=&#8221;#000000&#8243; open_toggle_icon=&#8221;&#x33;||divi||400&#8243; open_use_icon_font_size=&#8221;on&#8221; open_icon_font_size=&#8221;70px&#8221; icon_font_size_tablet=&#8221;70px&#8221; icon_font_size_phone=&#8221;40px&#8221; icon_font_size_last_edited=&#8221;on|phone&#8221; open_icon_font_size_tablet=&#8221;70px&#8221; open_icon_font_size_phone=&#8221;40px&#8221; open_icon_font_size_last_edited=&#8221;on|phone&#8221; _builder_version=&#8221;4.27.5&#8243; _module_preset=&#8221;default&#8221; title_text_color=&#8221;#000000&#8243; title_level=&#8221;h3&#8243; title_font=&#8221;|||on|||||&#8221; title_font_size=&#8221;1.5em&#8221; background_color=&#8221;RGBA(255,255,255,0)&#8221; title_font_size_tablet=&#8221;2em&#8221; title_font_size_phone=&#8221;1.4em&#8221; title_font_size_last_edited=&#8221;on|phone&#8221; border_width_all=&#8221;0px&#8221; global_colors_info=&#8221;{}&#8221;]<\/p>\n<p>Oferim una soluci\u00f3 de ciberseguretat d&#8217;avantguarda amb monitoratge en temps real. La nostra tecnologia avan\u00e7ada detecta i prev\u00e9 ciberamenaces, garantint la seguretat de les dades i sistemes de la vostra empresa, recolzats i especialitzats en els millors fabricants del mercat. <\/p>\n<ul>\n<li>Monitoratge 24\/7 per a resposta immediata a amenaces<\/li>\n<li>Mecanismes avan\u00e7ats de detecci\u00f3 i prevenci\u00f3 d&#8217;amenaces<\/li>\n<li>Protegeix el teu negoci de les amenaces cibern\u00e8tiques en evoluci\u00f3<\/li>\n<\/ul>\n<p>[\/et_pb_toggle][\/et_pb_column][\/et_pb_row][\/et_pb_section][et_pb_section fb_built=&#8221;1&#8243; _builder_version=&#8221;4.27.5&#8243; _module_preset=&#8221;default&#8221; background_color=&#8221;#FFFFFF&#8221; background_enable_image=&#8221;off&#8221; module_alignment=&#8221;right&#8221; custom_padding=&#8221;32px||32px|||&#8221; border_width_bottom=&#8221;1px&#8221; border_color_bottom=&#8221;#000000&#8243; global_colors_info=&#8221;{}&#8221;][et_pb_row _builder_version=&#8221;4.27.5&#8243; _module_preset=&#8221;default&#8221; custom_padding=&#8221;0px||0px|||&#8221; global_colors_info=&#8221;{}&#8221;][et_pb_column type=&#8221;4_4&#8243; _builder_version=&#8221;4.27.5&#8243; _module_preset=&#8221;default&#8221; global_colors_info=&#8221;{}&#8221;][et_pb_toggle title=&#8221;Capacitats de detecci\u00f3 i resposta davant amenaces&#8221; open_toggle_text_color=&#8221;#000000&#8243; icon_color=&#8221;#000000&#8243; toggle_icon=&#8221;&#x35;||divi||400&#8243; use_icon_font_size=&#8221;on&#8221; icon_font_size=&#8221;70px&#8221; open_icon_color=&#8221;#000000&#8243; open_toggle_icon=&#8221;&#x33;||divi||400&#8243; open_use_icon_font_size=&#8221;on&#8221; open_icon_font_size=&#8221;70px&#8221; icon_font_size_tablet=&#8221;70px&#8221; icon_font_size_phone=&#8221;40px&#8221; icon_font_size_last_edited=&#8221;on|phone&#8221; open_icon_font_size_tablet=&#8221;70px&#8221; open_icon_font_size_phone=&#8221;40px&#8221; open_icon_font_size_last_edited=&#8221;on|phone&#8221; _builder_version=&#8221;4.27.5&#8243; _module_preset=&#8221;default&#8221; title_text_color=&#8221;#000000&#8243; title_level=&#8221;h3&#8243; title_font=&#8221;|||on|||||&#8221; title_font_size=&#8221;1.5em&#8221; background_color=&#8221;RGBA(255,255,255,0)&#8221; title_font_size_tablet=&#8221;2em&#8221; title_font_size_phone=&#8221;1.4em&#8221; title_font_size_last_edited=&#8221;on|phone&#8221; border_width_all=&#8221;0px&#8221; global_colors_info=&#8221;{}&#8221;]<\/p>\n<p>La nostra soluci\u00f3 de ciberseguretat inclou capacitats avan\u00e7ades de detecci\u00f3 i resposta davant amenaces per protegir el vostre negoci de les ciberamenaces en constant evoluci\u00f3. Amb monitoritzaci\u00f3 en temps real i resposta proactiva a incidents, garantim la seguretat de la vostra xarxa i la protecci\u00f3 de les vostres dades. <\/p>\n<p>[\/et_pb_toggle][\/et_pb_column][\/et_pb_row][\/et_pb_section][et_pb_section fb_built=&#8221;1&#8243; _builder_version=&#8221;4.27.5&#8243; _module_preset=&#8221;default&#8221; background_color=&#8221;#FFFFFF&#8221; background_enable_image=&#8221;off&#8221; module_alignment=&#8221;right&#8221; custom_padding=&#8221;32px||32px|||&#8221; border_width_bottom=&#8221;1px&#8221; border_color_bottom=&#8221;#000000&#8243; global_colors_info=&#8221;{}&#8221;][et_pb_row _builder_version=&#8221;4.27.5&#8243; _module_preset=&#8221;default&#8221; custom_padding=&#8221;0px||0px|||&#8221; global_colors_info=&#8221;{}&#8221;][et_pb_column type=&#8221;4_4&#8243; _builder_version=&#8221;4.27.5&#8243; _module_preset=&#8221;default&#8221; global_colors_info=&#8221;{}&#8221;][et_pb_toggle title=&#8221;Temps real&#8221; open_toggle_text_color=&#8221;#000000&#8243; icon_color=&#8221;#000000&#8243; toggle_icon=&#8221;&#x35;||divi||400&#8243; use_icon_font_size=&#8221;on&#8221; icon_font_size=&#8221;70px&#8221; open_icon_color=&#8221;#000000&#8243; open_toggle_icon=&#8221;&#x33;||divi||400&#8243; open_use_icon_font_size=&#8221;on&#8221; open_icon_font_size=&#8221;70px&#8221; icon_font_size_tablet=&#8221;70px&#8221; icon_font_size_phone=&#8221;40px&#8221; icon_font_size_last_edited=&#8221;on|phone&#8221; open_icon_font_size_tablet=&#8221;70px&#8221; open_icon_font_size_phone=&#8221;40px&#8221; open_icon_font_size_last_edited=&#8221;on|phone&#8221; _builder_version=&#8221;4.27.5&#8243; _module_preset=&#8221;default&#8221; title_text_color=&#8221;#000000&#8243; title_level=&#8221;h3&#8243; title_font=&#8221;|||on|||||&#8221; title_font_size=&#8221;1.5em&#8221; background_color=&#8221;RGBA(255,255,255,0)&#8221; title_font_size_tablet=&#8221;2em&#8221; title_font_size_phone=&#8221;1.4em&#8221; title_font_size_last_edited=&#8221;on|phone&#8221; border_width_all=&#8221;0px&#8221; global_colors_info=&#8221;{}&#8221;]<\/p>\n<p>Monitoratge i an\u00e0lisi continu del tr\u00e0nsit de xarxa per identificar possibles amenaces. A m\u00e9s del monitoratge automatitzat, comptem amb personal real que revisa i analitza les amenaces a mesura que s\u2019identifiquen com a sospitoses. <\/p>\n<p>[\/et_pb_toggle][\/et_pb_column][\/et_pb_row][\/et_pb_section][et_pb_section fb_built=&#8221;1&#8243; _builder_version=&#8221;4.27.5&#8243; _module_preset=&#8221;default&#8221; background_color=&#8221;#FFFFFF&#8221; background_enable_image=&#8221;off&#8221; module_alignment=&#8221;right&#8221; custom_padding=&#8221;32px||32px|||&#8221; border_width_bottom=&#8221;1px&#8221; border_color_bottom=&#8221;#000000&#8243; global_colors_info=&#8221;{}&#8221;][et_pb_row _builder_version=&#8221;4.27.5&#8243; _module_preset=&#8221;default&#8221; custom_padding=&#8221;0px||0px|||&#8221; global_colors_info=&#8221;{}&#8221;][et_pb_column type=&#8221;4_4&#8243; _builder_version=&#8221;4.27.5&#8243; _module_preset=&#8221;default&#8221; global_colors_info=&#8221;{}&#8221;][et_pb_toggle title=&#8221;Proactiu&#8221; open_toggle_text_color=&#8221;#000000&#8243; icon_color=&#8221;#000000&#8243; toggle_icon=&#8221;&#x35;||divi||400&#8243; use_icon_font_size=&#8221;on&#8221; icon_font_size=&#8221;70px&#8221; open_icon_color=&#8221;#000000&#8243; open_toggle_icon=&#8221;&#x33;||divi||400&#8243; open_use_icon_font_size=&#8221;on&#8221; open_icon_font_size=&#8221;70px&#8221; icon_font_size_tablet=&#8221;70px&#8221; icon_font_size_phone=&#8221;40px&#8221; icon_font_size_last_edited=&#8221;on|phone&#8221; open_icon_font_size_tablet=&#8221;70px&#8221; open_icon_font_size_phone=&#8221;40px&#8221; open_icon_font_size_last_edited=&#8221;on|phone&#8221; _builder_version=&#8221;4.27.5&#8243; _module_preset=&#8221;default&#8221; title_text_color=&#8221;#000000&#8243; title_level=&#8221;h3&#8243; title_font=&#8221;|||on|||||&#8221; title_font_size=&#8221;1.5em&#8221; background_color=&#8221;RGBA(255,255,255,0)&#8221; title_font_size_tablet=&#8221;2em&#8221; title_font_size_phone=&#8221;1.4em&#8221; title_font_size_last_edited=&#8221;on|phone&#8221; border_width_all=&#8221;0px&#8221; global_colors_info=&#8221;{}&#8221;]<\/p>\n<p>Resposta immediata als incidents de seguretat per minimitzar l\u2019impacte en el vostre negoci. La cobertura 24\/7 garanteix que el vostre negoci estigui protegit. <\/p>\n<p>[\/et_pb_toggle][\/et_pb_column][\/et_pb_row][\/et_pb_section][et_pb_section fb_built=&#8221;1&#8243; _builder_version=&#8221;4.27.5&#8243; _module_preset=&#8221;default&#8221; background_color=&#8221;#FFFFFF&#8221; background_enable_image=&#8221;off&#8221; module_alignment=&#8221;right&#8221; custom_padding=&#8221;32px||32px|||&#8221; border_width_bottom=&#8221;1px&#8221; border_color_bottom=&#8221;#000000&#8243; global_colors_info=&#8221;{}&#8221;][et_pb_row _builder_version=&#8221;4.27.5&#8243; _module_preset=&#8221;default&#8221; custom_padding=&#8221;0px||0px|||&#8221; global_colors_info=&#8221;{}&#8221;][et_pb_column type=&#8221;4_4&#8243; _builder_version=&#8221;4.27.5&#8243; _module_preset=&#8221;default&#8221; global_colors_info=&#8221;{}&#8221;][et_pb_toggle title=&#8221;Avaluacions de compliment i riscos&#8221; open_toggle_text_color=&#8221;#000000&#8243; icon_color=&#8221;#000000&#8243; toggle_icon=&#8221;&#x35;||divi||400&#8243; use_icon_font_size=&#8221;on&#8221; icon_font_size=&#8221;70px&#8221; open_icon_color=&#8221;#000000&#8243; open_toggle_icon=&#8221;&#x33;||divi||400&#8243; open_use_icon_font_size=&#8221;on&#8221; open_icon_font_size=&#8221;70px&#8221; icon_font_size_tablet=&#8221;70px&#8221; icon_font_size_phone=&#8221;40px&#8221; icon_font_size_last_edited=&#8221;on|phone&#8221; open_icon_font_size_tablet=&#8221;70px&#8221; open_icon_font_size_phone=&#8221;40px&#8221; open_icon_font_size_last_edited=&#8221;on|phone&#8221; _builder_version=&#8221;4.27.5&#8243; _module_preset=&#8221;default&#8221; title_text_color=&#8221;#000000&#8243; title_level=&#8221;h3&#8243; title_font=&#8221;|||on|||||&#8221; title_font_size=&#8221;1.5em&#8221; background_color=&#8221;RGBA(255,255,255,0)&#8221; title_font_size_tablet=&#8221;2em&#8221; title_font_size_phone=&#8221;1.4em&#8221; title_font_size_last_edited=&#8221;on|phone&#8221; border_width_all=&#8221;0px&#8221; global_colors_info=&#8221;{}&#8221;]<\/p>\n<p>Assegureu-vos que la vostra empresa compleixi els est\u00e0ndards del sector i mitigueu els riscos amb els nostres serveis integrals de compliment normatiu i avaluaci\u00f3 de riscos.<\/p>\n<p>El nostre equip d\u2019experts identificar\u00e0 vulnerabilitats, avaluar\u00e0 les vostres mesures de seguretat actuals i us oferir\u00e0 recomanacions per optimitzar la vostra estrat\u00e8gia de ciberseguretat.<\/p>\n<ul>\n<li>Identificar vulnerabilitats i avaluar mesures de seguretat<\/li>\n<li>Avaluacions integrals de compliment i riscos<\/li>\n<li>Milloreu la vostra estrat\u00e8gia de ciberseguretat amb recomanacions d\u2019experts<\/li>\n<\/ul>\n<p>[\/et_pb_toggle][\/et_pb_column][\/et_pb_row][\/et_pb_section][et_pb_section fb_built=&#8221;1&#8243; _builder_version=&#8221;4.27.5&#8243; _module_preset=&#8221;default&#8221; background_image=&#8221;https:\/\/microservei.com\/wp-content\/uploads\/2025\/12\/Fondo-HOME.png&#8221; global_colors_info=&#8221;{}&#8221;][et_pb_row _builder_version=&#8221;4.27.5&#8243; _module_preset=&#8221;default&#8221; width=&#8221;70%&#8221; global_colors_info=&#8221;{}&#8221;][et_pb_column type=&#8221;4_4&#8243; _builder_version=&#8221;4.27.5&#8243; _module_preset=&#8221;default&#8221; global_colors_info=&#8221;{}&#8221;][et_pb_text _builder_version=&#8221;4.27.5&#8243; _module_preset=&#8221;default&#8221; text_text_color=&#8221;#FFFFFF&#8221; header_2_text_color=&#8221;#FFFFFF&#8221; text_orientation=&#8221;center&#8221; global_colors_info=&#8221;{}&#8221;]<\/p>\n<h2>Protegint i blindant la teva empresa<\/h2>\n<p>A Microservei, entenem la import\u00e0ncia de la ciberseguretat per al teu negoci.<br \/>El nostre equip d&#8217;experts treballa incansablement per implementar i gestionar solucions integrals de ciberseguretat adaptades a les teves necessitats espec\u00edfiques.<br \/>Amb la nostra tecnologia d&#8217;avantguarda i un enfocament proactiu, pots tenir la certesa que el teu negoci est\u00e0 protegit contra les ciberamenaces en constant evoluci\u00f3.<\/p>\n<p>[\/et_pb_text][\/et_pb_column][\/et_pb_row][et_pb_row column_structure=&#8221;1_3,1_3,1_3&#8243; _builder_version=&#8221;4.27.5&#8243; _module_preset=&#8221;default&#8221; global_colors_info=&#8221;{}&#8221;][et_pb_column type=&#8221;1_3&#8243; _builder_version=&#8221;4.27.5&#8243; _module_preset=&#8221;default&#8221; background_color=&#8221;#000000&#8243; custom_padding=&#8221;2em|2em|2em|2em|true|true&#8221; custom_css_main_element=&#8221;@media (min-width: 1024px){height:430px;}&#8221; border_radii=&#8221;on|2em|2em|2em|2em&#8221; border_width_all=&#8221;2px&#8221; border_color_all=&#8221;#FFFFFF&#8221; global_colors_info=&#8221;{}&#8221;][et_pb_image src=&#8221;https:\/\/microservei.com\/wp-content\/uploads\/2026\/01\/ciberseguridad.svg&#8221; title_text=&#8221;ciberseguridad&#8221; _builder_version=&#8221;4.27.5&#8243; _module_preset=&#8221;default&#8221; max_width=&#8221;30%&#8221; module_alignment=&#8221;left&#8221; custom_margin=&#8221;||||false|false&#8221; global_colors_info=&#8221;{}&#8221;][\/et_pb_image][et_pb_heading title=&#8221;Solucions de ciberseguretat personalitzades&#8221; _builder_version=&#8221;4.27.5&#8243; _module_preset=&#8221;default&#8221; title_level=&#8221;h3&#8243; title_text_color=&#8221;#FFFFFF&#8221; module_alignment=&#8221;center&#8221; custom_margin=&#8221;||0px|||&#8221; global_colors_info=&#8221;{}&#8221;][\/et_pb_heading][et_pb_text _builder_version=&#8221;4.27.5&#8243; _module_preset=&#8221;default&#8221; text_text_color=&#8221;#FFFFFF&#8221; custom_margin=&#8221;||11px|||&#8221; global_colors_info=&#8221;{}&#8221;]<\/p>\n<p>Analitzem les vulnerabilitats \u00faniques del seu negoci i dissenyem una estrat\u00e8gia de ciberseguretat personalitzada per mitigar riscos i salvaguardar les seves dades confidencials.<\/p>\n<p>[\/et_pb_text][\/et_pb_column][et_pb_column type=&#8221;1_3&#8243; _builder_version=&#8221;4.27.5&#8243; _module_preset=&#8221;default&#8221; background_color=&#8221;#000000&#8243; custom_padding=&#8221;2em|2em|2em|2em|true|true&#8221; custom_css_main_element=&#8221;@media (min-width: 1024px){height:430px;}&#8221; border_radii=&#8221;on|2em|2em|2em|2em&#8221; border_width_all=&#8221;2px&#8221; border_color_all=&#8221;#FFFFFF&#8221; global_colors_info=&#8221;{}&#8221;][et_pb_image src=&#8221;https:\/\/microservei.com\/wp-content\/uploads\/2026\/01\/monitoreo.svg&#8221; title_text=&#8221;monitoreo&#8221; _builder_version=&#8221;4.27.5&#8243; _module_preset=&#8221;default&#8221; max_width=&#8221;34%&#8221; module_alignment=&#8221;left&#8221; custom_margin=&#8221;||||false|false&#8221; global_colors_info=&#8221;{}&#8221;][\/et_pb_image][et_pb_heading title=&#8221;Monitoratge continu i detecci\u00f3 d&#039;amenaces&#8221; _builder_version=&#8221;4.27.5&#8243; _module_preset=&#8221;default&#8221; title_level=&#8221;h3&#8243; title_text_color=&#8221;#FFFFFF&#8221; module_alignment=&#8221;center&#8221; custom_margin=&#8221;||0px|||&#8221; global_colors_info=&#8221;{}&#8221;][\/et_pb_heading][et_pb_text _builder_version=&#8221;4.27.5&#8243; _module_preset=&#8221;default&#8221; text_text_color=&#8221;#FFFFFF&#8221; global_colors_info=&#8221;{}&#8221;]<\/p>\n<p>Els nostres sistemes avan\u00e7ats de monitoratge i eines de detecci\u00f3 d&#8217;amenaces garanteixen protecci\u00f3 en temps real contra atacs cibern\u00e8tics, cosa que ens permet respondre amb rapidesa i efic\u00e0cia.<\/p>\n<p>[\/et_pb_text][\/et_pb_column][et_pb_column type=&#8221;1_3&#8243; _builder_version=&#8221;4.27.5&#8243; _module_preset=&#8221;default&#8221; background_color=&#8221;#000000&#8243; custom_padding=&#8221;2em|2em|2em|2em|true|true&#8221; custom_css_main_element=&#8221;@media (min-width: 1024px){height:430px;}&#8221; border_radii=&#8221;on|2em|2em|2em|2em&#8221; border_width_all=&#8221;2px&#8221; border_color_all=&#8221;#FFFFFF&#8221; global_colors_info=&#8221;{}&#8221;][et_pb_image src=&#8221;https:\/\/microservei.com\/wp-content\/uploads\/2026\/01\/respuesta_soporte.svg&#8221; title_text=&#8221;respuesta_soporte&#8221; _builder_version=&#8221;4.27.5&#8243; _module_preset=&#8221;default&#8221; max_width=&#8221;37%&#8221; module_alignment=&#8221;left&#8221; custom_margin=&#8221;||||false|false&#8221; global_colors_info=&#8221;{}&#8221;][\/et_pb_image][et_pb_heading title=&#8221;Resposta i suport davant incidents 24\/7&#8243; _builder_version=&#8221;4.27.5&#8243; _module_preset=&#8221;default&#8221; title_level=&#8221;h3&#8243; title_text_color=&#8221;#FFFFFF&#8221; module_alignment=&#8221;center&#8221; custom_margin=&#8221;||0px|||&#8221; global_colors_info=&#8221;{}&#8221;][\/et_pb_heading][et_pb_text _builder_version=&#8221;4.27.5&#8243; _module_preset=&#8221;default&#8221; text_text_color=&#8221;#FFFFFF&#8221; custom_margin=&#8221;||0px|||&#8221; global_colors_info=&#8221;{}&#8221;]<\/p>\n<p>En cas d&#8217;un incident de ciberseguretat, el nostre equip dedicat est\u00e0 disponible les 24 hores del dia per oferir resposta i suport immediats, minimitzant l&#8217;impacte en el seu negoci.<\/p>\n<p>[\/et_pb_text][\/et_pb_column][\/et_pb_row][\/et_pb_section]<\/p>\n","protected":false},"excerpt":{"rendered":"<p>Protegeix all\u00f2 que m\u00e9s importa d&#8217;atacs i amenaces Els serveis de Ciberseguretat protegeixen la teva empresa de les amenaces i atacs que estan en constant evoluci\u00f3 En el panorama digital actual, protegir el teu negoci de les ciberamenaces \u00e9s m\u00e9s crucial que mai. A Microservei, oferim solucions integrals de ciberseguretat dissenyades per protegir les teves [&hellip;]<\/p>\n","protected":false},"author":1,"featured_media":0,"parent":0,"menu_order":0,"comment_status":"closed","ping_status":"closed","template":"","meta":{"_et_pb_use_builder":"on","_et_pb_old_content":"","_et_gb_content_width":"","footnotes":""},"class_list":["post-737","page","type-page","status-publish","hentry"],"_links":{"self":[{"href":"https:\/\/microservei.com\/ca\/wp-json\/wp\/v2\/pages\/737","targetHints":{"allow":["GET"]}}],"collection":[{"href":"https:\/\/microservei.com\/ca\/wp-json\/wp\/v2\/pages"}],"about":[{"href":"https:\/\/microservei.com\/ca\/wp-json\/wp\/v2\/types\/page"}],"author":[{"embeddable":true,"href":"https:\/\/microservei.com\/ca\/wp-json\/wp\/v2\/users\/1"}],"replies":[{"embeddable":true,"href":"https:\/\/microservei.com\/ca\/wp-json\/wp\/v2\/comments?post=737"}],"version-history":[{"count":7,"href":"https:\/\/microservei.com\/ca\/wp-json\/wp\/v2\/pages\/737\/revisions"}],"predecessor-version":[{"id":1201,"href":"https:\/\/microservei.com\/ca\/wp-json\/wp\/v2\/pages\/737\/revisions\/1201"}],"wp:attachment":[{"href":"https:\/\/microservei.com\/ca\/wp-json\/wp\/v2\/media?parent=737"}],"curies":[{"name":"wp","href":"https:\/\/api.w.org\/{rel}","templated":true}]}}