{"id":758,"date":"2026-01-09T12:45:25","date_gmt":"2026-01-09T12:45:25","guid":{"rendered":"https:\/\/microservei.com\/internet-empresarial\/"},"modified":"2026-01-22T10:26:06","modified_gmt":"2026-01-22T10:26:06","slug":"internet-empresarial","status":"publish","type":"page","link":"https:\/\/microservei.com\/ca\/internet-empresarial\/","title":{"rendered":"Internet empresarial"},"content":{"rendered":"<p>[et_pb_section fb_built=&#8221;1&#8243; custom_padding_last_edited=&#8221;on|phone&#8221; _builder_version=&#8221;4.27.5&#8243; _module_preset=&#8221;default&#8221; use_background_color_gradient=&#8221;on&#8221; background_color_gradient_type=&#8221;elliptical&#8221; background_color_gradient_direction_radial=&#8221;top left&#8221; background_color_gradient_stops=&#8221;#000000 0%|rgba(63,37,191,0.5) 100%&#8221; background_image=&#8221;https:\/\/microservei.com\/wp-content\/uploads\/2025\/12\/laptop-con-telefono-inteligente-neon-luz-oscura-tecnologia-concepto-de-negocio-de-internet-copia.webp&#8221; background_blend=&#8221;color-burn&#8221; custom_margin=&#8221;-16em||||false|false&#8221; custom_padding=&#8221;16em||12em||false|false&#8221; custom_padding_tablet=&#8221;12em||2em||false|false&#8221; custom_padding_phone=&#8221;15em||10em||false|false&#8221; hover_enabled=&#8221;0&#8243; global_colors_info=&#8221;{}&#8221; custom_margin_last_edited=&#8221;on|phone&#8221; custom_margin_phone=&#8221;-14em||||false|false&#8221; sticky_enabled=&#8221;0&#8243; custom_margin_tablet=&#8221;-16em||||false|false&#8221;][et_pb_row column_structure=&#8221;1_2,1_2&#8243; _builder_version=&#8221;4.27.5&#8243; _module_preset=&#8221;default&#8221; global_colors_info=&#8221;{}&#8221;][et_pb_column type=&#8221;1_2&#8243; _builder_version=&#8221;4.27.5&#8243; _module_preset=&#8221;default&#8221; global_colors_info=&#8221;{}&#8221;][et_pb_text _builder_version=&#8221;4.27.5&#8243; _module_preset=&#8221;default&#8221; text_text_color=&#8221;gcid-3ab956e5-80c5-4abe-b2b0-1abf5f1c2c39&#8243; header_font=&#8221;|||on|||||&#8221; header_text_color=&#8221;gcid-3ab956e5-80c5-4abe-b2b0-1abf5f1c2c39&#8243; global_colors_info=&#8221;{%22gcid-3ab956e5-80c5-4abe-b2b0-1abf5f1c2c39%22:%91%22header_text_color%22,%22text_text_color%22%93}&#8221;]<\/p>\n<h1>Internet empresarial r\u00e0pid i estable en qualsevol moment i lloc<\/h1>\n<p>Tant si gestiones una petita oficina com si tens diverses sucursals, internet empresarial \u00e9s la base del teu negoci.<\/p>\n<p>[\/et_pb_text][et_pb_button button_url=&#8221;https:\/\/microservei.com\/ca\/contacte\/&#8221; button_text=&#8221;Contacta&apos;m&#8221; _builder_version=&#8221;4.27.5&#8243; _module_preset=&#8221;default&#8221; global_colors_info=&#8221;{}&#8221;][\/et_pb_button][\/et_pb_column][et_pb_column type=&#8221;1_2&#8243; _builder_version=&#8221;4.27.5&#8243; _module_preset=&#8221;default&#8221; global_colors_info=&#8221;{}&#8221;][\/et_pb_column][\/et_pb_row][\/et_pb_section][et_pb_section fb_built=&#8221;1&#8243; _builder_version=&#8221;4.27.5&#8243; _module_preset=&#8221;default&#8221; background_image=&#8221;https:\/\/microservei.com\/wp-content\/uploads\/2025\/12\/ordenador.png&#8221; module_alignment=&#8221;right&#8221; locked=&#8221;off&#8221; global_colors_info=&#8221;{}&#8221;][et_pb_row column_structure=&#8221;2_3,1_3&#8243; _builder_version=&#8221;4.27.5&#8243; _module_preset=&#8221;default&#8221; global_colors_info=&#8221;{}&#8221;][et_pb_column type=&#8221;2_3&#8243; _builder_version=&#8221;4.27.5&#8243; _module_preset=&#8221;default&#8221; global_colors_info=&#8221;{}&#8221;][et_pb_text _builder_version=&#8221;4.27.5&#8243; _module_preset=&#8221;default&#8221; text_text_color=&#8221;gcid-3ab956e5-80c5-4abe-b2b0-1abf5f1c2c39&#8243; header_font=&#8221;|||on|||||&#8221; header_text_color=&#8221;gcid-3ab956e5-80c5-4abe-b2b0-1abf5f1c2c39&#8243; header_font_size_tablet=&#8221;&#8221; header_font_size_phone=&#8221;1.5em&#8221; header_font_size_last_edited=&#8221;on|phone&#8221; global_colors_info=&#8221;{%22gcid-3ab956e5-80c5-4abe-b2b0-1abf5f1c2c39%22:%91%22header_text_color%22,%22text_text_color%22,%22header_text_color%22,%22text_text_color%22%93}&#8221;]<\/p>\n<h1>videotrucades n\u00edtides<\/h1>\n<p>Des de videotrucades n\u00edtides fins a computaci\u00f3 en el n\u00favol segura, i des de pagaments fins a seguretat: una connexi\u00f3 r\u00e0pida, estable i fiable mant\u00e9 el teu negoci en funcionament. Per aix\u00f2, no compliquem les coses innecess\u00e0riament. Garantim una connexi\u00f3 r\u00e0pida, estable i segura que creix amb el teu negoci. Oferim quatre solucions d\u2019internet empresarial. F\u00e0cils d\u2019instal\u00b7lar, perqu\u00e8 puguis comen\u00e7ar a utilitzar-les de seguida, i sempre amb el servei personalitzat que esperes de nosaltres. Correu electr\u00f2nic sense preocupacions, reunions en l\u00ednia, negocis digitals i computaci\u00f3 en el n\u00favol segura: ho fem tan senzill com sigui possible. Un \u00fanic punt de contacte, sense complicacions, sempre en l\u00ednia.      <\/p>\n<p>[\/et_pb_text][\/et_pb_column][et_pb_column type=&#8221;1_3&#8243; _builder_version=&#8221;4.27.5&#8243; _module_preset=&#8221;default&#8221; global_colors_info=&#8221;{}&#8221;][\/et_pb_column][\/et_pb_row][\/et_pb_section][et_pb_section fb_built=&#8221;1&#8243; _builder_version=&#8221;4.27.5&#8243; _module_preset=&#8221;default&#8221; custom_padding=&#8221;0px||0px|||&#8221; locked=&#8221;off&#8221; global_colors_info=&#8221;{}&#8221;][et_pb_row column_structure=&#8221;2_5,3_5&#8243; _builder_version=&#8221;4.27.5&#8243; _module_preset=&#8221;default&#8221; width=&#8221;100%&#8221; custom_padding=&#8221;0px||0px|||&#8221; custom_css_main_element=&#8221;display: flex; align-items: center;&#8221; global_colors_info=&#8221;{}&#8221;][et_pb_column type=&#8221;2_5&#8243; disabled_on=&#8221;on|on|off&#8221; _builder_version=&#8221;4.27.5&#8243; _module_preset=&#8221;default&#8221; background_image=&#8221;https:\/\/microservei.com\/wp-content\/uploads\/2025\/12\/primer-plano-de-manos-de-mujer-escribiendo-en-tableta-comprobando-graficos-financieros-de-pie-en-la-oficina-de-puesta-en-marcha-tarde-en-la-noche.webp&#8221; global_colors_info=&#8221;{}&#8221;][et_pb_divider _builder_version=&#8221;4.27.5&#8243; _module_preset=&#8221;default&#8221; height=&#8221;35em&#8221; global_colors_info=&#8221;{}&#8221;][\/et_pb_divider][\/et_pb_column][et_pb_column type=&#8221;3_5&#8243; _builder_version=&#8221;4.27.5&#8243; _module_preset=&#8221;default&#8221; custom_padding=&#8221;|10em|||false|false&#8221; custom_padding_tablet=&#8221;2em|2em|2em|2em|true|true&#8221; custom_padding_phone=&#8221;2em|2em|2em|2em|true|true&#8221; custom_padding_last_edited=&#8221;on|tablet&#8221; global_colors_info=&#8221;{}&#8221;][et_pb_text _builder_version=&#8221;4.27.5&#8243; _module_preset=&#8221;default&#8221; global_colors_info=&#8221;{}&#8221;]<\/p>\n<h2>Sempre internet que s&#8217;adapti a la teva empresa<\/h2>\n<p>Treballes en diverses ubicacions i vols connectar-les? Necessites adreces IP fixes per als teus sistemes o altres requisits de xarxa? A Hallo, anem m\u00e9s enll\u00e0 dels paquets d&#8217;internet empresarial est\u00e0ndard. Els nostres experts escolten les teves necessitats, avaluen la teva situaci\u00f3 junts i t&#8217;ofereixen una soluci\u00f3 que realment funciona. Per a una xarxa estable i segura que creix amb el teu negoci. De r\u00e0pida a ultrar\u00e0pida     <\/p>\n<p>[\/et_pb_text][et_pb_button button_url=&#8221;https:\/\/microservei.com\/ca\/contacte\/&#8221; button_text=&#8221;Sol\u00b7licita una consulta gratu\u00efta&#8221; _builder_version=&#8221;4.27.5&#8243; _module_preset=&#8221;default&#8221; custom_button=&#8221;on&#8221; button_text_color=&#8221;#FFFFFF&#8221; button_bg_color=&#8221;#3F25BF&#8221; button_border_width=&#8221;0px&#8221; global_colors_info=&#8221;{}&#8221;][\/et_pb_button][et_pb_image src=&#8221;https:\/\/microservei.com\/wp-content\/uploads\/2025\/12\/primer-plano-de-manos-de-mujer-escribiendo-en-tableta-comprobando-graficos-financieros-de-pie-en-la-oficina-de-puesta-en-marcha-tarde-en-la-noche.webp&#8221; title_text=&#8221;primer-plano-de-manos-de-mujer-escribiendo-en-tableta-comprobando-graficos-financieros-de-pie-en-la-oficina-de-puesta-en-marcha-tarde-en-la-noche&#8221; disabled_on=&#8221;off|off|on&#8221; _builder_version=&#8221;4.27.5&#8243; _module_preset=&#8221;default&#8221; max_width=&#8221;100%&#8221; module_alignment=&#8221;center&#8221; global_colors_info=&#8221;{}&#8221;][\/et_pb_image][\/et_pb_column][\/et_pb_row][et_pb_row column_structure=&#8221;3_5,2_5&#8243; _builder_version=&#8221;4.27.5&#8243; _module_preset=&#8221;default&#8221; width=&#8221;100%&#8221; custom_padding=&#8221;0px||0px|||&#8221; custom_css_main_element=&#8221;display: flex; align-items: center;&#8221; global_colors_info=&#8221;{}&#8221;][et_pb_column type=&#8221;3_5&#8243; _builder_version=&#8221;4.27.5&#8243; _module_preset=&#8221;default&#8221; custom_padding=&#8221;|||10em|false|false&#8221; custom_padding_tablet=&#8221;2em|2em|2em|2em|true|true&#8221; custom_padding_phone=&#8221;2em|2em|2em|2em|true|true&#8221; custom_padding_last_edited=&#8221;on|tablet&#8221; global_colors_info=&#8221;{}&#8221;][et_pb_text _builder_version=&#8221;4.27.5&#8243; _module_preset=&#8221;default&#8221; global_colors_info=&#8221;{}&#8221;]<\/p>\n<h2>Creix amb fibra \u00f2ptica<\/h2>\n<p>Si com a empresari cada segon compta, necessita internet empresarial de m\u00e0xima velocitat i fiabilitat. La fibra \u00f2ptica \u00e9s molt m\u00e9s que internet r\u00e0pid. I la seva rendibilitat est\u00e0 garantida. Treballeu sense interrupcions: des d\u2019aplicacions al n\u00favol i pagaments amb targeta fins a sistemes de videovigil\u00e0ncia i alarmes. Pugeu fitxers amb la mateixa rapidesa amb la qual els descarregueu, mitjan\u00e7ant una \u00fanica connexi\u00f3 ultrar\u00e0pida i flexible. Avui, per a un futur en l\u00ednia sense l\u00edmits     <\/p>\n<p>[\/et_pb_text][et_pb_button button_url=&#8221;https:\/\/microservei.com\/ca\/contacte\/&#8221; button_text=&#8221;Sol\u00b7licita una consulta gratu\u00efta&#8221; _builder_version=&#8221;4.27.5&#8243; _module_preset=&#8221;default&#8221; custom_button=&#8221;on&#8221; button_text_color=&#8221;#FFFFFF&#8221; button_bg_color=&#8221;#3F25BF&#8221; button_border_width=&#8221;0px&#8221; global_colors_info=&#8221;{}&#8221;][\/et_pb_button][et_pb_image src=&#8221;https:\/\/microservei.com\/wp-content\/uploads\/2025\/12\/la-luz-tiene-propiedades-especiales-de-conduccion-scaled.webp&#8221; title_text=&#8221;la-luz-tiene-propiedades-especiales-de-conduccion&#8221; disabled_on=&#8221;off|off|on&#8221; _builder_version=&#8221;4.27.5&#8243; _module_preset=&#8221;default&#8221; max_width=&#8221;100%&#8221; module_alignment=&#8221;center&#8221; global_colors_info=&#8221;{}&#8221;][\/et_pb_image][\/et_pb_column][et_pb_column type=&#8221;2_5&#8243; disabled_on=&#8221;on|on|off&#8221; _builder_version=&#8221;4.27.5&#8243; _module_preset=&#8221;default&#8221; background_image=&#8221;https:\/\/microservei.com\/wp-content\/uploads\/2025\/12\/la-luz-tiene-propiedades-especiales-de-conduccion-scaled.webp&#8221; global_colors_info=&#8221;{}&#8221;][et_pb_divider _builder_version=&#8221;4.27.5&#8243; _module_preset=&#8221;default&#8221; height=&#8221;35em&#8221; global_colors_info=&#8221;{}&#8221;][\/et_pb_divider][\/et_pb_column][\/et_pb_row][et_pb_row column_structure=&#8221;2_5,3_5&#8243; _builder_version=&#8221;4.27.5&#8243; _module_preset=&#8221;default&#8221; width=&#8221;100%&#8221; custom_padding=&#8221;0px||0px|||&#8221; custom_css_main_element=&#8221;display: flex; align-items: center;&#8221; global_colors_info=&#8221;{}&#8221;][et_pb_column type=&#8221;2_5&#8243; disabled_on=&#8221;on|on|off&#8221; _builder_version=&#8221;4.27.5&#8243; _module_preset=&#8221;default&#8221; background_image=&#8221;https:\/\/microservei.com\/wp-content\/uploads\/2025\/12\/concepto-de-red-de-sala-de-servidores.webp&#8221; global_colors_info=&#8221;{}&#8221;][et_pb_divider _builder_version=&#8221;4.27.5&#8243; _module_preset=&#8221;default&#8221; height=&#8221;35em&#8221; global_colors_info=&#8221;{}&#8221;][\/et_pb_divider][\/et_pb_column][et_pb_column type=&#8221;3_5&#8243; _builder_version=&#8221;4.27.5&#8243; _module_preset=&#8221;default&#8221; custom_padding=&#8221;|10em|||false|false&#8221; custom_padding_tablet=&#8221;2em|2em|2em|2em|true|true&#8221; custom_padding_phone=&#8221;2em|2em|2em|2em|true|true&#8221; custom_padding_last_edited=&#8221;on|tablet&#8221; global_colors_info=&#8221;{}&#8221;][et_pb_text _builder_version=&#8221;4.27.5&#8243; _module_preset=&#8221;default&#8221; global_colors_info=&#8221;{}&#8221;]<\/p>\n<h2>C\u00f2pia de seguretat d\u2019internet empresarial<\/h2>\n<p>Una interrupci\u00f3 del servei d\u2019internet pot fer-te perdre clients, ingressos i la confian\u00e7a dels teus clients. I ni parlar de recuperar-los. Evita que el teu negoci es paralitzi inesperadament. Amb la nostra connexi\u00f3 de reserva, pots canviar instant\u00e0niament a una connexi\u00f3 alternativa. D\u2019aquesta manera, segueixes sent localitzable, fins i tot si la xarxa falla. Sense oportunitats ni correus electr\u00f2nics perduts, nom\u00e9s acc\u00e9s a tots els teus arxius i sistemes, llest per atendre els teus clients sense interrupcions.      <\/p>\n<p>[\/et_pb_text][et_pb_button button_url=&#8221;https:\/\/microservei.com\/ca\/contacte\/&#8221; button_text=&#8221;Sol\u00b7licita una consulta gratu\u00efta&#8221; _builder_version=&#8221;4.27.5&#8243; _module_preset=&#8221;default&#8221; custom_button=&#8221;on&#8221; button_text_color=&#8221;#FFFFFF&#8221; button_bg_color=&#8221;#3F25BF&#8221; button_border_width=&#8221;0px&#8221; global_colors_info=&#8221;{}&#8221;][\/et_pb_button][et_pb_image src=&#8221;https:\/\/microservei.com\/wp-content\/uploads\/2025\/12\/concepto-de-red-de-sala-de-servidores.webp&#8221; title_text=&#8221;concepto-de-red-de-sala-de-servidores&#8221; disabled_on=&#8221;off|off|on&#8221; _builder_version=&#8221;4.27.5&#8243; _module_preset=&#8221;default&#8221; max_width=&#8221;100%&#8221; module_alignment=&#8221;center&#8221; global_colors_info=&#8221;{}&#8221;][\/et_pb_image][\/et_pb_column][\/et_pb_row][\/et_pb_section][et_pb_section fb_built=&#8221;1&#8243; _builder_version=&#8221;4.27.5&#8243; _module_preset=&#8221;default&#8221; background_color=&#8221;#FFFFFF&#8221; background_enable_image=&#8221;off&#8221; module_alignment=&#8221;right&#8221; custom_padding=&#8221;4em||4em||true|false&#8221; border_width_bottom=&#8221;1px&#8221; border_color_bottom=&#8221;#000000&#8243; global_colors_info=&#8221;{}&#8221;][et_pb_row column_structure=&#8221;3_5,2_5&#8243; _builder_version=&#8221;4.27.5&#8243; _module_preset=&#8221;default&#8221; custom_padding=&#8221;0px||0px|||&#8221; global_colors_info=&#8221;{}&#8221;][et_pb_column type=&#8221;3_5&#8243; _builder_version=&#8221;4.27.5&#8243; _module_preset=&#8221;default&#8221; global_colors_info=&#8221;{}&#8221;][et_pb_text _builder_version=&#8221;4.27.5&#8243; _module_preset=&#8221;default&#8221; header_2_font=&#8221;|||on|||||&#8221; header_2_text_color=&#8221;gcid-primary-color&#8221; global_colors_info=&#8221;{%22gcid-primary-color%22:%91%22header_2_text_color%22%93}&#8221;]<\/p>\n<h2>Per qu\u00e8 triar internet empresarial a MICROSERVEI?<\/h2>\n<p>Amb Microservei, esculls internet empresarial que sempre t\u2019ofereix el que necessites. Les nostres connexions s\u00f3n incre\u00efblement estables i compten amb garanties de servei clares, perqu\u00e8 tinguis la seguretat que qualsevol problema es resoldr\u00e0 r\u00e0pidament. Tens un sol soci per a totes les teves necessitats d\u2019internet, fet que fa que tot sigui clar i eficient. Amb velocitats de fibra \u00f2ptica de fins a 10 GB\/s, est\u00e0s preparat per al futur, mentre que una connexi\u00f3 de suport 5G garanteix que sempre ser\u00e0s localitzable, fins i tot si falla la teva l\u00ednia fixa.   <\/p>\n<p>&nbsp;<\/p>\n<p>[\/et_pb_text][\/et_pb_column][et_pb_column type=&#8221;2_5&#8243; _builder_version=&#8221;4.27.5&#8243; _module_preset=&#8221;default&#8221; global_colors_info=&#8221;{}&#8221;][et_pb_blurb title=&#8221;Sempre connectat, sense complicacions&#8221; use_icon=&#8221;on&#8221; font_icon=&#8221;&#x4e;||divi||400&#8243; icon_placement=&#8221;left&#8221; image_icon_width=&#8221;20px&#8221; _builder_version=&#8221;4.27.5&#8243; _module_preset=&#8221;default&#8221; header_level=&#8221;h3&#8243; header_font=&#8221;NeuePower-M|300|||||||&#8221; header_text_align=&#8221;left&#8221; body_font_size=&#8221;13px&#8221; body_line_height=&#8221;1.4em&#8221; image_icon_custom_margin=&#8221;0px|0px|0px|0px|true|true&#8221; image_icon_custom_padding=&#8221;0px|0px|0px|0px|true|true&#8221; module_alignment=&#8221;center&#8221; custom_margin=&#8221;||14px||false|false&#8221; custom_padding=&#8221;1em|1em|1em|1em|true|true&#8221; border_radii=&#8221;on|1em|1em|1em|1em&#8221; border_width_all=&#8221;1px&#8221; global_colors_info=&#8221;{}&#8221;]<\/p>\n<p>Des de fibra \u00f2ptica fins a suport 5G: garantim que el teu negoci estigui sempre en l\u00ednia. R\u00e0pid, estable i segur. <\/p>\n<p>[\/et_pb_blurb][et_pb_blurb title=&#8221;Servei que saludes&#8221; use_icon=&#8221;on&#8221; font_icon=&#8221;&#x4e;||divi||400&#8243; icon_placement=&#8221;left&#8221; image_icon_width=&#8221;20px&#8221; _builder_version=&#8221;4.27.5&#8243; _module_preset=&#8221;default&#8221; header_level=&#8221;h3&#8243; header_font=&#8221;NeuePower-M|300|||||||&#8221; header_text_align=&#8221;left&#8221; body_font_size=&#8221;13px&#8221; body_line_height=&#8221;1.4em&#8221; image_icon_custom_margin=&#8221;0px|0px|0px|0px|true|true&#8221; image_icon_custom_padding=&#8221;0px|0px|0px|0px|true|true&#8221; module_alignment=&#8221;center&#8221; custom_margin=&#8221;||14px||false|false&#8221; custom_padding=&#8221;1em|1em|1em|1em|true|true&#8221; border_radii=&#8221;on|1em|1em|1em|1em&#8221; border_width_all=&#8221;1px&#8221; global_colors_info=&#8221;{}&#8221;]<\/p>\n<p>Personal, proper i sempre disponible quan ens necessitis. <\/p>\n<p>[\/et_pb_blurb][et_pb_blurb title=&#8221;Internet que creix amb tu&#8221; use_icon=&#8221;on&#8221; font_icon=&#8221;&#x4e;||divi||400&#8243; icon_placement=&#8221;left&#8221; image_icon_width=&#8221;20px&#8221; _builder_version=&#8221;4.27.5&#8243; _module_preset=&#8221;default&#8221; header_level=&#8221;h3&#8243; header_font=&#8221;NeuePower-M|300|||||||&#8221; header_text_align=&#8221;left&#8221; body_font_size=&#8221;13px&#8221; body_line_height=&#8221;1.4em&#8221; image_icon_custom_margin=&#8221;0px|0px|0px|0px|true|true&#8221; image_icon_custom_padding=&#8221;0px|0px|0px|0px|true|true&#8221; module_alignment=&#8221;center&#8221; custom_margin=&#8221;||14px||false|false&#8221; custom_padding=&#8221;1em|1em|1em|1em|true|true&#8221; border_radii=&#8221;on|1em|1em|1em|1em&#8221; border_width_all=&#8221;1px&#8221; global_colors_info=&#8221;{}&#8221;]<\/p>\n<p>La teva velocitat d\u2019internet creix al ritme del teu negoci. Des de 50 Mbps fins a 10 Gbps, just el que necessites. <\/p>\n<p>[\/et_pb_blurb][\/et_pb_column][\/et_pb_row][\/et_pb_section][et_pb_section fb_built=&#8221;1&#8243; _builder_version=&#8221;4.27.5&#8243; _module_preset=&#8221;default&#8221; background_color=&#8221;rgba(0,0,0,0.69)&#8221; background_image=&#8221;https:\/\/microservei.com\/wp-content\/uploads\/2025\/12\/fondo_ser2.png&#8221; background_blend=&#8221;multiply&#8221; custom_margin=&#8221;||||false|false&#8221; custom_padding=&#8221;5em||5em||true|false&#8221; locked=&#8221;off&#8221; global_colors_info=&#8221;{}&#8221;][et_pb_row _builder_version=&#8221;4.27.5&#8243; _module_preset=&#8221;default&#8221; width=&#8221;40%&#8221; width_tablet=&#8221;90%&#8221; width_phone=&#8221;90%&#8221; width_last_edited=&#8221;on|phone&#8221; module_alignment=&#8221;center&#8221; global_colors_info=&#8221;{}&#8221;][et_pb_column type=&#8221;4_4&#8243; _builder_version=&#8221;4.27.5&#8243; _module_preset=&#8221;default&#8221; global_colors_info=&#8221;{}&#8221;][et_pb_text _builder_version=&#8221;4.27.5&#8243; _module_preset=&#8221;default&#8221; text_text_color=&#8221;#FFFFFF&#8221; header_2_font=&#8221;|||on|||||&#8221; header_2_text_color=&#8221;gcid-3ab956e5-80c5-4abe-b2b0-1abf5f1c2c39&#8243; text_orientation=&#8221;center&#8221; global_colors_info=&#8221;{%22gcid-3ab956e5-80c5-4abe-b2b0-1abf5f1c2c39%22:%91%22header_2_text_color%22%93}&#8221;]<\/p>\n<h2>Quina plataforma d&#8217;internet empresarial \u00e9s adequada per a la vostra empresa?<\/h2>\n<p>Ho solucionem junts. Explica&#8217;ns com treballes i et garantim la velocitat i la fiabilitat adequades. \u00c9s clar, personalitzat i sense complicacions. Una connexi\u00f3 que funciona.   <\/p>\n<p>[\/et_pb_text][et_pb_button button_url=&#8221;https:\/\/microservei.com\/ca\/contacte\/&#8221; button_text=&#8221;Contacta&apos;m ara&#8221; button_alignment=&#8221;center&#8221; _builder_version=&#8221;4.27.5&#8243; _module_preset=&#8221;default&#8221; global_colors_info=&#8221;{}&#8221;][\/et_pb_button][\/et_pb_column][\/et_pb_row][\/et_pb_section]<\/p>\n","protected":false},"excerpt":{"rendered":"<p>Internet empresarial r\u00e0pid i estable en qualsevol moment i lloc Tant si gestiones una petita oficina com si tens diverses sucursals, internet empresarial \u00e9s la base del teu negoci.videotrucades n\u00edtides Des de videotrucades n\u00edtides fins a computaci\u00f3 en el n\u00favol segura, i des de pagaments fins a seguretat: una connexi\u00f3 r\u00e0pida, estable i fiable mant\u00e9 [&hellip;]<\/p>\n","protected":false},"author":1,"featured_media":0,"parent":0,"menu_order":0,"comment_status":"closed","ping_status":"closed","template":"","meta":{"_et_pb_use_builder":"on","_et_pb_old_content":"","_et_gb_content_width":"","footnotes":""},"class_list":["post-758","page","type-page","status-publish","hentry"],"_links":{"self":[{"href":"https:\/\/microservei.com\/ca\/wp-json\/wp\/v2\/pages\/758","targetHints":{"allow":["GET"]}}],"collection":[{"href":"https:\/\/microservei.com\/ca\/wp-json\/wp\/v2\/pages"}],"about":[{"href":"https:\/\/microservei.com\/ca\/wp-json\/wp\/v2\/types\/page"}],"author":[{"embeddable":true,"href":"https:\/\/microservei.com\/ca\/wp-json\/wp\/v2\/users\/1"}],"replies":[{"embeddable":true,"href":"https:\/\/microservei.com\/ca\/wp-json\/wp\/v2\/comments?post=758"}],"version-history":[{"count":7,"href":"https:\/\/microservei.com\/ca\/wp-json\/wp\/v2\/pages\/758\/revisions"}],"predecessor-version":[{"id":1212,"href":"https:\/\/microservei.com\/ca\/wp-json\/wp\/v2\/pages\/758\/revisions\/1212"}],"wp:attachment":[{"href":"https:\/\/microservei.com\/ca\/wp-json\/wp\/v2\/media?parent=758"}],"curies":[{"name":"wp","href":"https:\/\/api.w.org\/{rel}","templated":true}]}}