{"id":766,"date":"2026-01-09T12:49:45","date_gmt":"2026-01-09T12:49:45","guid":{"rendered":"https:\/\/microservei.com\/infraestructura-it\/"},"modified":"2026-01-22T10:16:38","modified_gmt":"2026-01-22T10:16:38","slug":"infraestructura-it","status":"publish","type":"page","link":"https:\/\/microservei.com\/ca\/infraestructura-it\/","title":{"rendered":"Infraestructura IT"},"content":{"rendered":"<p>[et_pb_section fb_built=&#8221;1&#8243; _builder_version=&#8221;4.27.5&#8243; _module_preset=&#8221;default&#8221; background_image=&#8221;https:\/\/microservei.com\/wp-content\/uploads\/2025\/12\/fondo_serv.png&#8221; custom_margin=&#8221;-14em||||false|false&#8221; custom_padding=&#8221;15em||15em||true|false&#8221; global_colors_info=&#8221;{}&#8221;][et_pb_row column_structure=&#8221;1_2,1_2&#8243; _builder_version=&#8221;4.27.5&#8243; _module_preset=&#8221;default&#8221; global_colors_info=&#8221;{}&#8221;][et_pb_column type=&#8221;1_2&#8243; _builder_version=&#8221;4.27.5&#8243; _module_preset=&#8221;default&#8221; global_colors_info=&#8221;{}&#8221;][et_pb_text _builder_version=&#8221;4.27.5&#8243; _module_preset=&#8221;default&#8221; text_text_color=&#8221;gcid-3ab956e5-80c5-4abe-b2b0-1abf5f1c2c39&#8243; header_font=&#8221;|||on|||||&#8221; header_text_color=&#8221;gcid-3ab956e5-80c5-4abe-b2b0-1abf5f1c2c39&#8243; global_colors_info=&#8221;{%22gcid-3ab956e5-80c5-4abe-b2b0-1abf5f1c2c39%22:%91%22header_text_color%22,%22text_text_color%22%93}&#8221;]<\/p>\n<h1>Excel\u00b7l\u00e8ncia en Infraestructures IT<\/h1>\n<p>Realitzem projectes IT per satisfer les teves necessitats espec\u00edfiques, abastant infraestructura, comunicacions, seguretat i recuperaci\u00f3 de dades: des del disseny fins al manteniment. <\/p>\n<p>[\/et_pb_text][et_pb_button button_url=&#8221;https:\/\/microservei.com\/ca\/contacte\/&#8221; button_text=&#8221;Sol\u00b7licitar estudi&#8221; _builder_version=&#8221;4.27.5&#8243; _module_preset=&#8221;default&#8221; global_colors_info=&#8221;{}&#8221;][\/et_pb_button][\/et_pb_column][et_pb_column type=&#8221;1_2&#8243; _builder_version=&#8221;4.27.5&#8243; _module_preset=&#8221;default&#8221; global_colors_info=&#8221;{}&#8221;][\/et_pb_column][\/et_pb_row][\/et_pb_section][et_pb_section fb_built=&#8221;1&#8243; _builder_version=&#8221;4.27.5&#8243; _module_preset=&#8221;default&#8221; background_color=&#8221;#FFFFFF&#8221; custom_margin=&#8221;||||false|false&#8221; locked=&#8221;off&#8221; global_colors_info=&#8221;{}&#8221;][et_pb_row column_structure=&#8221;1_3,1_3,1_3&#8243; _builder_version=&#8221;4.27.5&#8243; _module_preset=&#8221;default&#8221; global_colors_info=&#8221;{}&#8221;][et_pb_column type=&#8221;1_3&#8243; _builder_version=&#8221;4.27.5&#8243; _module_preset=&#8221;default&#8221; background_color=&#8221;gcid-3ab956e5-80c5-4abe-b2b0-1abf5f1c2c39&#8243; custom_padding=&#8221;1em|0em|1em|0em|true|true&#8221; custom_css_main_element=&#8221;@media (min-width: 1024px){height:380px;}&#8221; border_radii=&#8221;on|2em|2em|2em|2em&#8221; border_width_all=&#8221;2px&#8221; border_color_all=&#8221;#000000&#8243; global_colors_info=&#8221;{%22gcid-3ab956e5-80c5-4abe-b2b0-1abf5f1c2c39%22:%91%22background_color%22%93}&#8221;][et_pb_image src=&#8221;https:\/\/microservei.com\/wp-content\/uploads\/2026\/01\/CPD.svg&#8221; title_text=&#8221;CPD&#8221; _builder_version=&#8221;4.27.5&#8243; _module_preset=&#8221;default&#8221; width=&#8221;37%&#8221; width_tablet=&#8221;37%&#8221; width_phone=&#8221;50%&#8221; width_last_edited=&#8221;on|phone&#8221; module_alignment=&#8221;center&#8221; filter_brightness=&#8221;0%&#8221; global_colors_info=&#8221;{}&#8221;][\/et_pb_image][et_pb_text _builder_version=&#8221;4.27.5&#8243; _module_preset=&#8221;default&#8221; text_font_size=&#8221;16px&#8221; text_line_height=&#8221;1.3em&#8221; header_3_font=&#8221;|||on|||||&#8221; text_orientation=&#8221;center&#8221; max_width=&#8221;80%&#8221; module_alignment=&#8221;center&#8221; global_colors_info=&#8221;{}&#8221;]<\/p>\n<h3>Centre de Dades (CPD) <\/h3>\n<p>Disseny, implementaci\u00f3 i manteniment de CPD.<\/p>\n<p>Garantim alta disponibilitat, seguretat i efici\u00e8ncia energ\u00e8tica del CPD.<\/p>\n<p>[\/et_pb_text][\/et_pb_column][et_pb_column type=&#8221;1_3&#8243; _builder_version=&#8221;4.27.5&#8243; _module_preset=&#8221;default&#8221; background_color=&#8221;gcid-3ab956e5-80c5-4abe-b2b0-1abf5f1c2c39&#8243; custom_padding=&#8221;1em|0em|1em|0em|true|true&#8221; custom_css_main_element=&#8221;@media (min-width: 1024px){height:380px;}&#8221; border_radii=&#8221;on|2em|2em|2em|2em&#8221; border_width_all=&#8221;2px&#8221; border_color_all=&#8221;#000000&#8243; global_colors_info=&#8221;{%22gcid-3ab956e5-80c5-4abe-b2b0-1abf5f1c2c39%22:%91%22background_color%22%93}&#8221;][et_pb_image src=&#8221;https:\/\/microservei.com\/wp-content\/uploads\/2026\/01\/Cableado.svg&#8221; title_text=&#8221;Cablejat&#8221; _builder_version=&#8221;4.27.5&#8243; _module_preset=&#8221;default&#8221; width=&#8221;32%&#8221; width_tablet=&#8221;32%&#8221; width_phone=&#8221;50%&#8221; width_last_edited=&#8221;on|phone&#8221; module_alignment=&#8221;center&#8221; filter_brightness=&#8221;0%&#8221; global_colors_info=&#8221;{}&#8221;][\/et_pb_image][et_pb_text _builder_version=&#8221;4.27.5&#8243; _module_preset=&#8221;default&#8221; text_font_size=&#8221;16px&#8221; text_line_height=&#8221;1.3em&#8221; header_3_font=&#8221;|||on|||||&#8221; text_orientation=&#8221;center&#8221; max_width=&#8221;80%&#8221; module_alignment=&#8221;center&#8221; custom_margin=&#8221;3em||25px||false|false&#8221; global_colors_info=&#8221;{}&#8221;]<\/p>\n<h3>Cablejat estructurat<\/h3>\n<p>Cablejat estructurat Oferim solucions de cablejat estructurat que optimitzen el rendiment i l\u2019escalabilitat de la seva xarxa.<\/p>\n<p>[\/et_pb_text][\/et_pb_column][et_pb_column type=&#8221;1_3&#8243; _builder_version=&#8221;4.27.5&#8243; _module_preset=&#8221;default&#8221; background_color=&#8221;gcid-3ab956e5-80c5-4abe-b2b0-1abf5f1c2c39&#8243; custom_padding=&#8221;1em|0em|1em|0em|true|true&#8221; custom_css_main_element=&#8221;@media (min-width: 1024px){height:380px;}&#8221; border_radii=&#8221;on|2em|2em|2em|2em&#8221; border_width_all=&#8221;2px&#8221; border_color_all=&#8221;#000000&#8243; global_colors_info=&#8221;{%22gcid-3ab956e5-80c5-4abe-b2b0-1abf5f1c2c39%22:%91%22background_color%22%93}&#8221;][et_pb_image src=&#8221;https:\/\/microservei.com\/wp-content\/uploads\/2026\/01\/Calidad.svg&#8221; title_text=&#8221;Calidad&#8221; _builder_version=&#8221;4.27.5&#8243; _module_preset=&#8221;default&#8221; width=&#8221;37%&#8221; width_tablet=&#8221;37%&#8221; width_phone=&#8221;50%&#8221; width_last_edited=&#8221;on|phone&#8221; module_alignment=&#8221;center&#8221; filter_brightness=&#8221;0%&#8221; global_colors_info=&#8221;{}&#8221;][\/et_pb_image][et_pb_text _builder_version=&#8221;4.27.5&#8243; _module_preset=&#8221;default&#8221; text_font_size=&#8221;16px&#8221; text_line_height=&#8221;1.3em&#8221; header_3_font=&#8221;|||on|||||&#8221; text_orientation=&#8221;center&#8221; max_width=&#8221;80%&#8221; module_alignment=&#8221;center&#8221; custom_margin=&#8221;||24px|||&#8221; global_colors_info=&#8221;{}&#8221;]<\/p>\n<h3>Manteniment i certificaci\u00f3<\/h3>\n<p>Certificaci\u00f3 de punts de xarxa per garantir una connectivitat \u00f2ptima, WiFi i LAN gestionada.<\/p>\n<p>[\/et_pb_text][\/et_pb_column][\/et_pb_row][\/et_pb_section][et_pb_section fb_built=&#8221;1&#8243; _builder_version=&#8221;4.27.5&#8243; _module_preset=&#8221;default&#8221; background_color=&#8221;#000000&#8243; custom_margin=&#8221;-7em||||false|false&#8221; custom_padding=&#8221;6em||||false|false&#8221; locked=&#8221;off&#8221; global_colors_info=&#8221;{}&#8221;][et_pb_row custom_padding_last_edited=&#8221;on|tablet&#8221; disabled_on=&#8221;off|off|on&#8221; _builder_version=&#8221;4.27.5&#8243; _module_preset=&#8221;default&#8221; width_tablet=&#8221;&#8221; width_phone=&#8221;&#8221; width_last_edited=&#8221;on|tablet&#8221; module_alignment=&#8221;right&#8221; custom_margin=&#8221;0px||0px||true|false&#8221; custom_padding=&#8221;0px|10em|0px||true|false&#8221; custom_padding_tablet=&#8221;0px|0em|0px||true|false&#8221; custom_padding_phone=&#8221;0px|0em|0px||true|false&#8221; module_alignment_tablet=&#8221;center&#8221; module_alignment_phone=&#8221;center&#8221; module_alignment_last_edited=&#8221;on|tablet&#8221; locked=&#8221;off&#8221; global_colors_info=&#8221;{}&#8221;][et_pb_column type=&#8221;4_4&#8243; _builder_version=&#8221;4.27.5&#8243; _module_preset=&#8221;default&#8221; custom_padding=&#8221;||||false|false&#8221; global_colors_info=&#8221;{}&#8221;][et_pb_text _builder_version=&#8221;4.27.5&#8243; _module_preset=&#8221;default&#8221; text_text_color=&#8221;#FFFFFF&#8221; header_2_text_align=&#8221;right&#8221; header_2_text_color=&#8221;RGBA(255,255,255,0)&#8221; header_2_font_size=&#8221;5em&#8221; width_tablet=&#8221;&#8221; width_phone=&#8221;&#8221; width_last_edited=&#8221;on|tablet&#8221; header_2_text_align_tablet=&#8221;left&#8221; header_2_text_align_phone=&#8221;left&#8221; header_2_text_align_last_edited=&#8221;on|tablet&#8221; module_alignment_last_edited=&#8221;off|tablet&#8221; custom_css_main_element=&#8221; -webkit-text-stroke: 1px white; \/* Contorno para navegadores WebKit *\/||    text-stroke: 1px white; \/* Contorno est\u00e1ndar *\/&#8221; global_colors_info=&#8221;{}&#8221;]<\/p>\n<h2>1<\/h2>\n<p>[\/et_pb_text][et_pb_text _builder_version=&#8221;4.27.5&#8243; _module_preset=&#8221;default&#8221; text_text_color=&#8221;#FFFFFF&#8221; header_3_text_color=&#8221;#FFFFFF&#8221; custom_margin=&#8221;-6em||2em|4em|false|false&#8221; global_colors_info=&#8221;{}&#8221;]<\/p>\n<h3>Proc\u00e9s d&#8217;avaluaci\u00f3 i planificaci\u00f3<\/h3>\n<p>Comencem a avaluar a fons la seva infraestructura de cablejat actual i a comprendre les seves necessitats espec\u00edfiques. El nostre equip d&#8217;experts crea un pla integral adaptat a les necessitats del seu negoci, garantint una implementaci\u00f3 sense contratemps.<\/p>\n<p>[\/et_pb_text][\/et_pb_column][\/et_pb_row][et_pb_row custom_padding_last_edited=&#8221;on|tablet&#8221; disabled_on=&#8221;off|off|on&#8221; _builder_version=&#8221;4.27.5&#8243; _module_preset=&#8221;default&#8221; width_tablet=&#8221;&#8221; width_phone=&#8221;&#8221; width_last_edited=&#8221;on|tablet&#8221; module_alignment=&#8221;right&#8221; custom_margin=&#8221;0px||0px||true|false&#8221; custom_padding=&#8221;0px|10em|0px||true|false&#8221; custom_padding_tablet=&#8221;0px|0em|0px||true|false&#8221; custom_padding_phone=&#8221;0px|0em|0px||true|false&#8221; module_alignment_tablet=&#8221;center&#8221; module_alignment_phone=&#8221;center&#8221; module_alignment_last_edited=&#8221;on|tablet&#8221; locked=&#8221;off&#8221; global_colors_info=&#8221;{}&#8221;][et_pb_column type=&#8221;4_4&#8243; _builder_version=&#8221;4.27.5&#8243; _module_preset=&#8221;default&#8221; custom_padding=&#8221;||||false|false&#8221; global_colors_info=&#8221;{}&#8221;][et_pb_text _builder_version=&#8221;4.27.5&#8243; _module_preset=&#8221;default&#8221; text_text_color=&#8221;#FFFFFF&#8221; header_2_text_align=&#8221;right&#8221; header_2_text_color=&#8221;RGBA(255,255,255,0)&#8221; header_2_font_size=&#8221;5em&#8221; width_tablet=&#8221;&#8221; width_phone=&#8221;&#8221; width_last_edited=&#8221;on|tablet&#8221; header_2_text_align_tablet=&#8221;left&#8221; header_2_text_align_phone=&#8221;left&#8221; header_2_text_align_last_edited=&#8221;on|tablet&#8221; module_alignment_last_edited=&#8221;off|tablet&#8221; custom_css_main_element=&#8221; -webkit-text-stroke: 1px white; \/* Contorno para navegadores WebKit *\/||    text-stroke: 1px white; \/* Contorno est\u00e1ndar *\/&#8221; global_colors_info=&#8221;{}&#8221;]<\/p>\n<h2>2<\/h2>\n<p>[\/et_pb_text][et_pb_text _builder_version=&#8221;4.27.5&#8243; _module_preset=&#8221;default&#8221; text_text_color=&#8221;#FFFFFF&#8221; header_3_text_color=&#8221;#FFFFFF&#8221; custom_margin=&#8221;-6em||2em|4em|false|false&#8221; global_colors_info=&#8221;{%22gcid-primary-color%22:%91%22header_2_text_color%22,%22header_2_text_color%22%93}&#8221;]<\/p>\n<h3>Implementaci\u00f3 i proves<\/h3>\n<p>Un cop finalitzat el pla, els nostres t\u00e8cnics qualificats gestionen el proc\u00e9s d&#8217;implementaci\u00f3 amb precisi\u00f3 i efici\u00e8ncia. Realitzem proves exhaustives per garantir que la infraestructura de cablejat funcioni de manera \u00f2ptima i compleixi amb els est\u00e0ndards de la ind\u00fastria. <\/p>\n<p>[\/et_pb_text][\/et_pb_column][\/et_pb_row][et_pb_row custom_padding_last_edited=&#8221;on|tablet&#8221; disabled_on=&#8221;off|off|on&#8221; _builder_version=&#8221;4.27.5&#8243; _module_preset=&#8221;default&#8221; width_tablet=&#8221;&#8221; width_phone=&#8221;&#8221; width_last_edited=&#8221;on|tablet&#8221; module_alignment=&#8221;right&#8221; custom_margin=&#8221;0px||0px||true|false&#8221; custom_padding=&#8221;0px|10em|0px||true|false&#8221; custom_padding_tablet=&#8221;0px|0em|0px||true|false&#8221; custom_padding_phone=&#8221;0px|0em|0px||true|false&#8221; module_alignment_tablet=&#8221;center&#8221; module_alignment_phone=&#8221;center&#8221; module_alignment_last_edited=&#8221;on|tablet&#8221; locked=&#8221;off&#8221; global_colors_info=&#8221;{}&#8221;][et_pb_column type=&#8221;4_4&#8243; _builder_version=&#8221;4.27.5&#8243; _module_preset=&#8221;default&#8221; custom_padding=&#8221;||||false|false&#8221; global_colors_info=&#8221;{}&#8221;][et_pb_text _builder_version=&#8221;4.27.5&#8243; _module_preset=&#8221;default&#8221; text_text_color=&#8221;#FFFFFF&#8221; header_2_text_align=&#8221;right&#8221; header_2_text_color=&#8221;RGBA(255,255,255,0)&#8221; header_2_font_size=&#8221;5em&#8221; width_tablet=&#8221;&#8221; width_phone=&#8221;&#8221; width_last_edited=&#8221;on|tablet&#8221; header_2_text_align_tablet=&#8221;left&#8221; header_2_text_align_phone=&#8221;left&#8221; header_2_text_align_last_edited=&#8221;on|tablet&#8221; module_alignment_last_edited=&#8221;off|tablet&#8221; custom_css_main_element=&#8221; -webkit-text-stroke: 1px white; \/* Contorno para navegadores WebKit *\/||    text-stroke: 1px white; \/* Contorno est\u00e1ndar *\/&#8221; global_colors_info=&#8221;{}&#8221;]<\/p>\n<h2>3<\/h2>\n<p>[\/et_pb_text][et_pb_text _builder_version=&#8221;4.27.5&#8243; _module_preset=&#8221;default&#8221; text_text_color=&#8221;#FFFFFF&#8221; header_3_text_color=&#8221;#FFFFFF&#8221; custom_margin=&#8221;-6em||2em|4em|false|false&#8221; global_colors_info=&#8221;{%22gcid-primary-color%22:%91%22header_2_text_color%22%93}&#8221;]<\/p>\n<h3><strong>Manteniment i suport<br \/><\/strong><\/h3>\n<p>El nostre comprom\u00eds amb el seu negoci no acaba amb la instal\u00b7laci\u00f3. Oferim manteniment i suport continus per garantir que la seva infraestructura de cablejat es mantingui fiable i eficient, permetent-li concentrar-se en les seves activitats principals. <\/p>\n<p>[\/et_pb_text][\/et_pb_column][\/et_pb_row][et_pb_row column_structure=&#8221;1_4,3_4&#8243; disabled_on=&#8221;on|on|off&#8221; _builder_version=&#8221;4.27.5&#8243; _module_preset=&#8221;default&#8221; module_alignment=&#8221;right&#8221; custom_margin=&#8221;0px||0px||true|false&#8221; custom_padding=&#8221;0px|10em|0px||true|false&#8221; global_colors_info=&#8221;{}&#8221;][et_pb_column type=&#8221;1_4&#8243; _builder_version=&#8221;4.27.5&#8243; _module_preset=&#8221;default&#8221; global_colors_info=&#8221;{}&#8221;][et_pb_text _builder_version=&#8221;4.27.5&#8243; _module_preset=&#8221;default&#8221; header_2_text_align=&#8221;right&#8221; header_2_text_color=&#8221;RGBA(255,255,255,0)&#8221; header_2_font_size=&#8221;5em&#8221; custom_css_main_element=&#8221; -webkit-text-stroke: 1px white; \/* Contorno para navegadores WebKit *\/||    text-stroke: 1px white; \/* Contorno est\u00e1ndar *\/&#8221; global_colors_info=&#8221;{}&#8221;]<\/p>\n<h2>1<\/h2>\n<p>[\/et_pb_text][\/et_pb_column][et_pb_column type=&#8221;3_4&#8243; _builder_version=&#8221;4.27.5&#8243; _module_preset=&#8221;default&#8221; custom_padding=&#8221;|||2em|false|false&#8221; border_width_left=&#8221;2px&#8221; global_colors_info=&#8221;{}&#8221;][et_pb_text _builder_version=&#8221;4.27.5&#8243; _module_preset=&#8221;default&#8221; text_text_color=&#8221;#FFFFFF&#8221; header_3_text_color=&#8221;#FFFFFF&#8221; custom_margin=&#8221;||2em||false|false&#8221; global_colors_info=&#8221;{}&#8221;]<\/p>\n<h3>Proc\u00e9s d&#8217;avaluaci\u00f3 i planificaci\u00f3<\/h3>\n<p>Comencem a avaluar a fons la seva infraestructura de cablejat actual i a comprendre les seves necessitats espec\u00edfiques. El nostre equip d&#8217;experts crea un pla integral adaptat a les necessitats del seu negoci, garantint una implementaci\u00f3 sense contratemps.<\/p>\n<p>[\/et_pb_text][\/et_pb_column][\/et_pb_row][et_pb_row column_structure=&#8221;1_4,3_4&#8243; disabled_on=&#8221;on|on|off&#8221; _builder_version=&#8221;4.27.5&#8243; _module_preset=&#8221;default&#8221; module_alignment=&#8221;right&#8221; custom_margin=&#8221;0px||0px||true|false&#8221; custom_padding=&#8221;0px|10em|0px||true|false&#8221; global_colors_info=&#8221;{}&#8221;][et_pb_column type=&#8221;1_4&#8243; _builder_version=&#8221;4.27.5&#8243; _module_preset=&#8221;default&#8221; global_colors_info=&#8221;{}&#8221;][et_pb_text _builder_version=&#8221;4.27.5&#8243; _module_preset=&#8221;default&#8221; header_2_text_align=&#8221;right&#8221; header_2_text_color=&#8221;RGBA(255,255,255,0)&#8221; header_2_font_size=&#8221;5em&#8221; custom_css_main_element=&#8221; -webkit-text-stroke: 1px white; \/* Contorno para navegadores WebKit *\/||    text-stroke: 1px white; \/* Contorno est\u00e1ndar *\/&#8221; global_colors_info=&#8221;{%22gcid-primary-color%22:%91%22header_2_text_color%22%93}&#8221;]<\/p>\n<h2>2<\/h2>\n<p>[\/et_pb_text][\/et_pb_column][et_pb_column type=&#8221;3_4&#8243; _builder_version=&#8221;4.27.5&#8243; _module_preset=&#8221;default&#8221; custom_padding=&#8221;|||2em|false|false&#8221; border_width_left=&#8221;2px&#8221; global_colors_info=&#8221;{}&#8221;][et_pb_text _builder_version=&#8221;4.27.5&#8243; _module_preset=&#8221;default&#8221; text_text_color=&#8221;#FFFFFF&#8221; header_3_text_color=&#8221;#FFFFFF&#8221; custom_margin=&#8221;||2em||false|false&#8221; global_colors_info=&#8221;{%22gcid-primary-color%22:%91%22header_2_text_color%22,%22header_2_text_color%22%93}&#8221;]<\/p>\n<h3>Implementaci\u00f3 i proves<\/h3>\n<p>Un cop finalitzat el pla, els nostres t\u00e8cnics qualificats gestionen el proc\u00e9s d&#8217;implementaci\u00f3 amb precisi\u00f3 i efici\u00e8ncia. Realitzem proves exhaustives per garantir que la infraestructura de cablejat funcioni de manera \u00f2ptima i compleixi amb els est\u00e0ndards de la ind\u00fastria. <\/p>\n<p>[\/et_pb_text][\/et_pb_column][\/et_pb_row][et_pb_row column_structure=&#8221;1_4,3_4&#8243; disabled_on=&#8221;on|on|off&#8221; _builder_version=&#8221;4.27.5&#8243; _module_preset=&#8221;default&#8221; module_alignment=&#8221;right&#8221; custom_margin=&#8221;0px||0px||true|false&#8221; custom_padding=&#8221;0px|10em|0px||true|false&#8221; global_colors_info=&#8221;{}&#8221;][et_pb_column type=&#8221;1_4&#8243; _builder_version=&#8221;4.27.5&#8243; _module_preset=&#8221;default&#8221; global_colors_info=&#8221;{}&#8221;][et_pb_text _builder_version=&#8221;4.27.5&#8243; _module_preset=&#8221;default&#8221; header_2_text_align=&#8221;right&#8221; header_2_text_color=&#8221;RGBA(255,255,255,0)&#8221; header_2_font_size=&#8221;5em&#8221; custom_css_main_element=&#8221; -webkit-text-stroke: 1px white; \/* Contorno para navegadores WebKit *\/||    text-stroke: 1px white; \/* Contorno est\u00e1ndar *\/&#8221; global_colors_info=&#8221;{%22gcid-primary-color%22:%91%22header_2_text_color%22%93}&#8221;]<\/p>\n<h2>3<\/h2>\n<p>[\/et_pb_text][\/et_pb_column][et_pb_column type=&#8221;3_4&#8243; _builder_version=&#8221;4.27.5&#8243; _module_preset=&#8221;default&#8221; custom_padding=&#8221;|||2em|false|false&#8221; border_width_left=&#8221;2px&#8221; global_colors_info=&#8221;{}&#8221;][et_pb_text _builder_version=&#8221;4.27.5&#8243; _module_preset=&#8221;default&#8221; text_text_color=&#8221;#FFFFFF&#8221; header_3_text_color=&#8221;#FFFFFF&#8221; custom_margin=&#8221;||2em||false|false&#8221; global_colors_info=&#8221;{%22gcid-primary-color%22:%91%22header_2_text_color%22%93}&#8221;]<\/p>\n<h3><strong>Manteniment i suport<br \/><\/strong><\/h3>\n<p>El nostre comprom\u00eds amb el seu negoci no acaba amb la instal\u00b7laci\u00f3. Oferim manteniment i suport continus per garantir que la seva infraestructura de cablejat es mantingui fiable i eficient, permetent-li concentrar-se en les seves activitats principals. <\/p>\n<p>[\/et_pb_text][\/et_pb_column][\/et_pb_row][\/et_pb_section][et_pb_section fb_built=&#8221;1&#8243; _builder_version=&#8221;4.27.5&#8243; _module_preset=&#8221;default&#8221; background_color=&#8221;rgba(0,0,0,0.69)&#8221; background_image=&#8221;https:\/\/microservei.com\/wp-content\/uploads\/2025\/12\/candado-02.png&#8221; background_blend=&#8221;multiply&#8221; custom_margin=&#8221;||||false|false&#8221; custom_padding=&#8221;10em||10em||true|false&#8221; locked=&#8221;off&#8221; global_colors_info=&#8221;{}&#8221;][et_pb_row _builder_version=&#8221;4.27.5&#8243; _module_preset=&#8221;default&#8221; width=&#8221;40%&#8221; module_alignment=&#8221;center&#8221; hover_enabled=&#8221;0&#8243; global_colors_info=&#8221;{}&#8221; width_last_edited=&#8221;on|phone&#8221; width_phone=&#8221;80%&#8221; sticky_enabled=&#8221;0&#8243; width_tablet=&#8221;40%&#8221;][et_pb_column type=&#8221;4_4&#8243; _builder_version=&#8221;4.27.5&#8243; _module_preset=&#8221;default&#8221; global_colors_info=&#8221;{}&#8221;][et_pb_text _builder_version=&#8221;4.27.5&#8243; _module_preset=&#8221;default&#8221; text_text_color=&#8221;#FFFFFF&#8221; header_2_font=&#8221;|||on|||||&#8221; header_2_text_color=&#8221;gcid-3ab956e5-80c5-4abe-b2b0-1abf5f1c2c39&#8243; text_orientation=&#8221;center&#8221; global_colors_info=&#8221;{%22gcid-3ab956e5-80c5-4abe-b2b0-1abf5f1c2c39%22:%91%22header_2_text_color%22%93}&#8221;]<\/p>\n<h2>Solucions expertes de cablejat per a empreses<\/h2>\n<p>Confieu en el nostre equip per gestionar totes les vostres necessitats de cablejat amb precisi\u00f3 i efici\u00e8ncia.<\/p>\n<p>[\/et_pb_text][et_pb_button button_url=&#8221;https:\/\/microservei.com\/ca\/contacte\/&#8221; button_text=&#8221;M\u00e9s informaci\u00f3&#8221; button_alignment=&#8221;center&#8221; _builder_version=&#8221;4.27.5&#8243; _module_preset=&#8221;default&#8221; global_colors_info=&#8221;{}&#8221;][\/et_pb_button][\/et_pb_column][\/et_pb_row][\/et_pb_section]<\/p>\n","protected":false},"excerpt":{"rendered":"<p>Excel\u00b7l\u00e8ncia en Infraestructures IT Realitzem projectes IT per satisfer les teves necessitats espec\u00edfiques, abastant infraestructura, comunicacions, seguretat i recuperaci\u00f3 de dades: des del disseny fins al manteniment. Centre de Dades (CPD) Disseny, implementaci\u00f3 i manteniment de CPD. Garantim alta disponibilitat, seguretat i efici\u00e8ncia energ\u00e8tica del CPD.Cablejat estructurat Cablejat estructurat Oferim solucions de cablejat estructurat que [&hellip;]<\/p>\n","protected":false},"author":1,"featured_media":0,"parent":0,"menu_order":0,"comment_status":"closed","ping_status":"closed","template":"","meta":{"_et_pb_use_builder":"on","_et_pb_old_content":"","_et_gb_content_width":"","footnotes":""},"class_list":["post-766","page","type-page","status-publish","hentry"],"_links":{"self":[{"href":"https:\/\/microservei.com\/ca\/wp-json\/wp\/v2\/pages\/766","targetHints":{"allow":["GET"]}}],"collection":[{"href":"https:\/\/microservei.com\/ca\/wp-json\/wp\/v2\/pages"}],"about":[{"href":"https:\/\/microservei.com\/ca\/wp-json\/wp\/v2\/types\/page"}],"author":[{"embeddable":true,"href":"https:\/\/microservei.com\/ca\/wp-json\/wp\/v2\/users\/1"}],"replies":[{"embeddable":true,"href":"https:\/\/microservei.com\/ca\/wp-json\/wp\/v2\/comments?post=766"}],"version-history":[{"count":8,"href":"https:\/\/microservei.com\/ca\/wp-json\/wp\/v2\/pages\/766\/revisions"}],"predecessor-version":[{"id":1186,"href":"https:\/\/microservei.com\/ca\/wp-json\/wp\/v2\/pages\/766\/revisions\/1186"}],"wp:attachment":[{"href":"https:\/\/microservei.com\/ca\/wp-json\/wp\/v2\/media?parent=766"}],"curies":[{"name":"wp","href":"https:\/\/api.w.org\/{rel}","templated":true}]}}