{"id":782,"date":"2026-01-09T12:55:36","date_gmt":"2026-01-09T12:55:36","guid":{"rendered":"https:\/\/microservei.com\/soluciones-microsoft\/"},"modified":"2026-01-22T10:26:49","modified_gmt":"2026-01-22T10:26:49","slug":"soluciones-microsoft","status":"publish","type":"page","link":"https:\/\/microservei.com\/ca\/soluciones-microsoft\/","title":{"rendered":"Soluciones microsoft"},"content":{"rendered":"<p>[et_pb_section fb_built=&#8221;1&#8243; _builder_version=&#8221;4.27.5&#8243; _module_preset=&#8221;default&#8221; use_background_color_gradient=&#8221;on&#8221; background_color_gradient_direction=&#8221;170deg&#8221; background_color_gradient_stops=&#8221;#000000 0%|rgba(255,191,77,0.51) 100%&#8221; background_image=&#8221;https:\/\/microservei.com\/wp-content\/uploads\/2025\/12\/primer-plano-de-manos-de-mujer-escribiendo-en-tableta-comprobando-graficos-financieros-de-pie-en-la-oficina-de-puesta-en-marcha-tarde-en-la-noche.webp&#8221; background_blend=&#8221;multiply&#8221; custom_margin=&#8221;-14em||||false|false&#8221; custom_padding=&#8221;15em||5em||false|false&#8221; hover_enabled=&#8221;0&#8243; global_colors_info=&#8221;{}&#8221; custom_padding_last_edited=&#8221;on|phone&#8221; custom_padding_phone=&#8221;||10em||false|false&#8221; sticky_enabled=&#8221;0&#8243; custom_padding_tablet=&#8221;15em||5em||false|false&#8221;][et_pb_row column_structure=&#8221;1_2,1_2&#8243; _builder_version=&#8221;4.27.5&#8243; _module_preset=&#8221;default&#8221; global_colors_info=&#8221;{}&#8221;][et_pb_column type=&#8221;1_2&#8243; _builder_version=&#8221;4.27.5&#8243; _module_preset=&#8221;default&#8221; global_colors_info=&#8221;{}&#8221;][et_pb_text _builder_version=&#8221;4.27.5&#8243; _module_preset=&#8221;default&#8221; text_text_color=&#8221;gcid-3ab956e5-80c5-4abe-b2b0-1abf5f1c2c39&#8243; header_font=&#8221;|||on|||||&#8221; header_text_color=&#8221;gcid-3ab956e5-80c5-4abe-b2b0-1abf5f1c2c39&#8243; global_colors_info=&#8221;{%22gcid-3ab956e5-80c5-4abe-b2b0-1abf5f1c2c39%22:%91%22header_text_color%22,%22text_text_color%22%93}&#8221;]<\/p>\n<h1>Microsoft per a empreses<\/h1>\n<p>Servei 100% gestionat per a la instal\u00b7laci\u00f3, gesti\u00f3 i manteniment de les aplicacions del paquet Microsoft que la teva empresa necessiti<\/p>\n<p>[\/et_pb_text][et_pb_button button_url=&#8221;https:\/\/microservei.com\/ca\/contacte\/&#8221; button_text=&#8221;Sol\u00b7licita un pressupost&#8221; _builder_version=&#8221;4.27.5&#8243; _module_preset=&#8221;default&#8221; global_colors_info=&#8221;{}&#8221;][\/et_pb_button][\/et_pb_column][et_pb_column type=&#8221;1_2&#8243; _builder_version=&#8221;4.27.5&#8243; _module_preset=&#8221;default&#8221; global_colors_info=&#8221;{}&#8221;][\/et_pb_column][\/et_pb_row][et_pb_row column_structure=&#8221;1_5,1_5,1_5,1_5,1_5&#8243; disabled_on=&#8221;on|on|off&#8221; _builder_version=&#8221;4.27.5&#8243; _module_preset=&#8221;default&#8221; custom_margin=&#8221;3em|auto||auto|false|false&#8221; locked=&#8221;off&#8221; global_colors_info=&#8221;{}&#8221;][et_pb_column type=&#8221;1_5&#8243; _builder_version=&#8221;4.27.5&#8243; _module_preset=&#8221;default&#8221; global_colors_info=&#8221;{}&#8221;][et_pb_image src=&#8221;https:\/\/microservei.com\/wp-content\/uploads\/2026\/01\/microsoft2.svg&#8221; title_text=&#8221;microsoft2&#8243; align=&#8221;center&#8221; _builder_version=&#8221;4.27.5&#8243; _module_preset=&#8221;default&#8221; max_width=&#8221;36%&#8221; module_alignment=&#8221;center&#8221; custom_padding=&#8221;||1px|||&#8221; global_colors_info=&#8221;{}&#8221;][\/et_pb_image][\/et_pb_column][et_pb_column type=&#8221;1_5&#8243; _builder_version=&#8221;4.27.5&#8243; _module_preset=&#8221;default&#8221; global_colors_info=&#8221;{}&#8221;][et_pb_image src=&#8221;https:\/\/microservei.com\/wp-content\/uploads\/2026\/01\/microsoft3.svg&#8221; title_text=&#8221;microsoft3&#8243; align=&#8221;center&#8221; _builder_version=&#8221;4.27.5&#8243; _module_preset=&#8221;default&#8221; max_width=&#8221;36%&#8221; module_alignment=&#8221;center&#8221; custom_padding=&#8221;||1px|||&#8221; global_colors_info=&#8221;{}&#8221;][\/et_pb_image][\/et_pb_column][et_pb_column type=&#8221;1_5&#8243; _builder_version=&#8221;4.27.5&#8243; _module_preset=&#8221;default&#8221; global_colors_info=&#8221;{}&#8221;][et_pb_image src=&#8221;https:\/\/microservei.com\/wp-content\/uploads\/2025\/12\/369193-Copilot.svg&#8221; title_text=&#8221;369193-Copilot&#8221; _builder_version=&#8221;4.27.5&#8243; _module_preset=&#8221;default&#8221; width=&#8221;75%&#8221; module_alignment=&#8221;center&#8221; custom_margin=&#8221;-2em||||false|false&#8221; custom_padding=&#8221;||1px|||&#8221; global_colors_info=&#8221;{}&#8221;][\/et_pb_image][\/et_pb_column][et_pb_column type=&#8221;1_5&#8243; _builder_version=&#8221;4.27.5&#8243; _module_preset=&#8221;default&#8221; global_colors_info=&#8221;{}&#8221;][et_pb_image src=&#8221;https:\/\/microservei.com\/wp-content\/uploads\/2026\/01\/microsoft1.svg&#8221; title_text=&#8221;microsoft1&#8243; align=&#8221;center&#8221; _builder_version=&#8221;4.27.5&#8243; _module_preset=&#8221;default&#8221; max_width=&#8221;36%&#8221; module_alignment=&#8221;center&#8221; custom_padding=&#8221;||1px|||&#8221; global_colors_info=&#8221;{}&#8221;][\/et_pb_image][\/et_pb_column][et_pb_column type=&#8221;1_5&#8243; _builder_version=&#8221;4.27.5&#8243; _module_preset=&#8221;default&#8221; global_colors_info=&#8221;{}&#8221;][et_pb_image src=&#8221;https:\/\/microservei.com\/wp-content\/uploads\/2026\/01\/microsoft4.svg&#8221; title_text=&#8221;microsoft4&#8243; align=&#8221;center&#8221; _builder_version=&#8221;4.27.5&#8243; _module_preset=&#8221;default&#8221; max_width=&#8221;29%&#8221; module_alignment=&#8221;center&#8221; custom_padding=&#8221;||1px|||&#8221; global_colors_info=&#8221;{}&#8221;][\/et_pb_image][\/et_pb_column][\/et_pb_row][\/et_pb_section][et_pb_section fb_built=&#8221;1&#8243; _builder_version=&#8221;4.27.5&#8243; _module_preset=&#8221;default&#8221; background_color=&#8221;#FFFFFF&#8221; background_enable_image=&#8221;off&#8221; module_alignment=&#8221;right&#8221; custom_padding=&#8221;4em||4em||true|false&#8221; border_width_bottom=&#8221;1px&#8221; border_color_bottom=&#8221;#000000&#8243; global_colors_info=&#8221;{}&#8221;][et_pb_row column_structure=&#8221;1_3,1_3,1_3&#8243; _builder_version=&#8221;4.27.5&#8243; _module_preset=&#8221;default&#8221; custom_padding=&#8221;0px||0px|||&#8221; global_colors_info=&#8221;{}&#8221;][et_pb_column type=&#8221;1_3&#8243; _builder_version=&#8221;4.27.5&#8243; _module_preset=&#8221;default&#8221; global_colors_info=&#8221;{}&#8221;][et_pb_text _builder_version=&#8221;4.27.5&#8243; _module_preset=&#8221;default&#8221; header_2_font=&#8221;|||on|||||&#8221; header_2_text_color=&#8221;gcid-primary-color&#8221; global_colors_info=&#8221;{%22gcid-primary-color%22:%91%22header_2_text_color%22%93}&#8221;]<\/p>\n<h2>Servei gestionat.<\/h2>\n<p>Gaudeix de tots els avantatges de Microsoft i del servei personalitzat del teu prove\u00efdor de confian\u00e7a en una \u00fanica soluci\u00f3. Confian\u00e7a, seguretat i personalitzaci\u00f3: formem els teus empleats, mantenim el teu Microsoft actualitzat i t&#8217;oferim assist\u00e8ncia t\u00e8cnica 24\/7\/365. <\/p>\n<p>[\/et_pb_text][\/et_pb_column][et_pb_column type=&#8221;1_3&#8243; _builder_version=&#8221;4.27.5&#8243; _module_preset=&#8221;default&#8221; global_colors_info=&#8221;{}&#8221;][et_pb_blurb title=&#8221;Microsoft 365&#8243; image=&#8221;https:\/\/microservei.com\/wp-content\/uploads\/2025\/12\/369193-Copilot.svg&#8221; icon_placement=&#8221;left&#8221; image_icon_width=&#8221;40px&#8221; _builder_version=&#8221;4.27.5&#8243; _module_preset=&#8221;default&#8221; header_level=&#8221;h3&#8243; header_font=&#8221;NeuePower-M|300|||||||&#8221; header_text_align=&#8221;left&#8221; body_font_size=&#8221;13px&#8221; body_line_height=&#8221;1.4em&#8221; image_icon_custom_margin=&#8221;0px|0px|0px|0px|true|true&#8221; image_icon_custom_padding=&#8221;0px|0px|0px|0px|true|true&#8221; module_alignment=&#8221;center&#8221; custom_margin=&#8221;||14px||false|false&#8221; custom_padding=&#8221;1em|1em|1em|1em|true|true&#8221; border_radii=&#8221;on|1em|1em|1em|1em&#8221; border_width_all=&#8221;1px&#8221; global_colors_info=&#8221;{}&#8221;]<\/p>\n<p>Totes les aplicacions premium d\u2019Office<\/p>\n<p>[\/et_pb_blurb][et_pb_blurb title=&#8221;Azure&#8221; image=&#8221;https:\/\/microservei.com\/wp-content\/uploads\/2025\/12\/Microsoft_Azure.svg&#8221; icon_placement=&#8221;left&#8221; image_icon_width=&#8221;40px&#8221; _builder_version=&#8221;4.27.5&#8243; _module_preset=&#8221;default&#8221; header_level=&#8221;h3&#8243; header_font=&#8221;NeuePower-M|300|||||||&#8221; header_text_align=&#8221;left&#8221; body_font_size=&#8221;13px&#8221; body_line_height=&#8221;1.4em&#8221; image_icon_custom_margin=&#8221;0px|0px|0px|0px|true|true&#8221; image_icon_custom_padding=&#8221;0px|0px|0px|0px|true|true&#8221; module_alignment=&#8221;center&#8221; custom_margin=&#8221;||14px||false|false&#8221; custom_padding=&#8221;1em|1em|1em|1em|true|true&#8221; border_radii=&#8221;on|1em|1em|1em|1em&#8221; border_width_all=&#8221;1px&#8221; global_colors_info=&#8221;{}&#8221;]<\/p>\n<p>El n\u00favol p\u00fablic de Microsoft<\/p>\n<p>[\/et_pb_blurb][et_pb_blurb title=&#8221;AIP&#8221; image=&#8221;https:\/\/microservei.com\/wp-content\/uploads\/2025\/12\/unnamed.webp&#8221; icon_placement=&#8221;left&#8221; image_icon_width=&#8221;40px&#8221; _builder_version=&#8221;4.27.5&#8243; _module_preset=&#8221;default&#8221; header_level=&#8221;h3&#8243; header_font=&#8221;NeuePower-M|300|||||||&#8221; header_text_align=&#8221;left&#8221; body_font_size=&#8221;13px&#8221; body_line_height=&#8221;1.4em&#8221; image_icon_custom_margin=&#8221;0px|0px|0px|0px|true|true&#8221; image_icon_custom_padding=&#8221;0px|0px|0px|0px|true|true&#8221; module_alignment=&#8221;center&#8221; custom_margin=&#8221;||14px||false|false&#8221; custom_padding=&#8221;1em|1em|1em|1em|true|true&#8221; border_radii=&#8221;on|1em|1em|1em|1em&#8221; border_width_all=&#8221;1px&#8221; global_colors_info=&#8221;{}&#8221;]<\/p>\n<p>Protecci\u00f3 i classificaci\u00f3 de dades a Azure<\/p>\n<p>[\/et_pb_blurb][et_pb_blurb title=&#8221;Teams&#8221; image=&#8221;https:\/\/microservei.com\/wp-content\/uploads\/2025\/12\/162380-Teams.svg&#8221; icon_placement=&#8221;left&#8221; image_icon_width=&#8221;40px&#8221; _builder_version=&#8221;4.27.5&#8243; _module_preset=&#8221;default&#8221; header_level=&#8221;h3&#8243; header_font=&#8221;NeuePower-M|300|||||||&#8221; header_text_align=&#8221;left&#8221; body_font_size=&#8221;13px&#8221; body_line_height=&#8221;1.4em&#8221; image_icon_custom_margin=&#8221;0px|0px|0px|0px|true|true&#8221; image_icon_custom_padding=&#8221;0px|0px|0px|0px|true|true&#8221; module_alignment=&#8221;center&#8221; custom_margin=&#8221;||14px||false|false&#8221; custom_padding=&#8221;1em|1em|1em|1em|true|true&#8221; border_radii=&#8221;on|1em|1em|1em|1em&#8221; border_width_all=&#8221;1px&#8221; global_colors_info=&#8221;{}&#8221;]<\/p>\n<p>Col\u00b7laboraci\u00f3 i productivitat en equip<\/p>\n<p>[\/et_pb_blurb][\/et_pb_column][et_pb_column type=&#8221;1_3&#8243; _builder_version=&#8221;4.27.5&#8243; _module_preset=&#8221;default&#8221; global_colors_info=&#8221;{}&#8221;][et_pb_blurb title=&#8221;Sharepoint&#8221; image=&#8221;https:\/\/microservei.com\/wp-content\/uploads\/2025\/12\/Microsoft_Office_SharePoint_2025\u2013present.svg&#8221; icon_placement=&#8221;left&#8221; image_icon_width=&#8221;40px&#8221; _builder_version=&#8221;4.27.5&#8243; _module_preset=&#8221;default&#8221; header_level=&#8221;h3&#8243; header_font=&#8221;NeuePower-M|300|||||||&#8221; header_text_align=&#8221;left&#8221; body_font_size=&#8221;13px&#8221; body_line_height=&#8221;1.4em&#8221; image_icon_custom_margin=&#8221;0px|0px|0px|0px|true|true&#8221; image_icon_custom_padding=&#8221;0px|0px|0px|0px|true|true&#8221; module_alignment=&#8221;center&#8221; custom_margin=&#8221;||14px||false|false&#8221; custom_padding=&#8221;1em|1em|1em|1em|true|true&#8221; border_radii=&#8221;on|1em|1em|1em|1em&#8221; border_width_all=&#8221;1px&#8221; global_colors_info=&#8221;{}&#8221;]<\/p>\n<p>La intranet personalitzada de la teva empresa<\/p>\n<p>[\/et_pb_blurb][et_pb_blurb title=&#8221;Power BI&#8221; image=&#8221;https:\/\/microservei.com\/wp-content\/uploads\/2025\/12\/spinner-PBI-logo.6434e0fca135a582c323.svg&#8221; icon_placement=&#8221;left&#8221; image_icon_width=&#8221;40px&#8221; _builder_version=&#8221;4.27.5&#8243; _module_preset=&#8221;default&#8221; header_level=&#8221;h3&#8243; header_font=&#8221;NeuePower-M|300|||||||&#8221; header_text_align=&#8221;left&#8221; body_font_size=&#8221;13px&#8221; body_line_height=&#8221;1.4em&#8221; image_icon_custom_margin=&#8221;0px|0px|0px|0px|true|true&#8221; image_icon_custom_padding=&#8221;0px|0px|0px|0px|true|true&#8221; module_alignment=&#8221;center&#8221; custom_margin=&#8221;||14px||false|false&#8221; custom_padding=&#8221;1em|1em|1em|1em|true|true&#8221; border_radii=&#8221;on|1em|1em|1em|1em&#8221; border_width_all=&#8221;1px&#8221; global_colors_info=&#8221;{}&#8221;]<\/p>\n<p>L&#8217;eina d&#8217;an\u00e0lisi empresarial de Microsoft<\/p>\n<p>[\/et_pb_blurb][et_pb_blurb title=&#8221;Intune&#8221; image=&#8221;https:\/\/microservei.com\/wp-content\/uploads\/2025\/12\/Microsoft-intune.svg&#8221; icon_placement=&#8221;left&#8221; image_icon_width=&#8221;40px&#8221; _builder_version=&#8221;4.27.5&#8243; _module_preset=&#8221;default&#8221; header_level=&#8221;h3&#8243; header_font=&#8221;NeuePower-M|300|||||||&#8221; header_text_align=&#8221;left&#8221; body_font_size=&#8221;13px&#8221; body_line_height=&#8221;1.4em&#8221; image_icon_custom_margin=&#8221;0px|0px|0px|0px|true|true&#8221; image_icon_custom_padding=&#8221;0px|0px|0px|0px|true|true&#8221; module_alignment=&#8221;center&#8221; custom_margin=&#8221;||14px||false|false&#8221; custom_padding=&#8221;1em|1em|1em|1em|true|true&#8221; border_radii=&#8221;on|1em|1em|1em|1em&#8221; border_width_all=&#8221;1px&#8221; global_colors_info=&#8221;{}&#8221;]<\/p>\n<p>Gesti\u00f3 de diapositives al n\u00favol<\/p>\n<p>[\/et_pb_blurb][\/et_pb_column][\/et_pb_row][\/et_pb_section][et_pb_section fb_built=&#8221;1&#8243; _builder_version=&#8221;4.27.5&#8243; _module_preset=&#8221;default&#8221; locked=&#8221;off&#8221; global_colors_info=&#8221;{}&#8221;][et_pb_row _builder_version=&#8221;4.27.5&#8243; _module_preset=&#8221;default&#8221; global_colors_info=&#8221;{}&#8221;][et_pb_column type=&#8221;4_4&#8243; _builder_version=&#8221;4.27.5&#8243; _module_preset=&#8221;default&#8221; global_colors_info=&#8221;{}&#8221;][et_pb_text _builder_version=&#8221;4.27.5&#8243; _module_preset=&#8221;default&#8221; header_2_font=&#8221;|||on|||||&#8221; text_orientation=&#8221;center&#8221; max_width=&#8221;70%&#8221; module_alignment=&#8221;center&#8221; global_colors_info=&#8221;{}&#8221;]<\/p>\n<h2>El nostre enfocament es basa en la qualitat total<\/h2>\n<p>Des de l&#8217;estrat\u00e8gia fins a l&#8217;explotaci\u00f3, t&#8217;acompanyem en cada fase del projecte<\/p>\n<p>[\/et_pb_text][\/et_pb_column][\/et_pb_row][et_pb_row column_structure=&#8221;1_4,1_4,1_4,1_4&#8243; _builder_version=&#8221;4.27.5&#8243; _module_preset=&#8221;default&#8221; global_colors_info=&#8221;{}&#8221;][et_pb_column type=&#8221;1_4&#8243; _builder_version=&#8221;4.27.5&#8243; _module_preset=&#8221;default&#8221; background_color=&#8221;gcid-3ab956e5-80c5-4abe-b2b0-1abf5f1c2c39&#8243; custom_padding=&#8221;1em|0em|1em|0em|true|true&#8221; border_radii=&#8221;on|2em|2em|2em|2em&#8221; border_width_all=&#8221;2px&#8221; border_color_all=&#8221;#000000&#8243; global_colors_info=&#8221;{%22gcid-3ab956e5-80c5-4abe-b2b0-1abf5f1c2c39%22:%91%22background_color%22%93}&#8221;][et_pb_image src=&#8221;https:\/\/microservei.com\/wp-content\/uploads\/2026\/01\/servicios.svg&#8221; title_text=&#8221;serveis&#8221; _builder_version=&#8221;4.27.5&#8243; _module_preset=&#8221;default&#8221; width=&#8221;37%&#8221; width_tablet=&#8221;37%&#8221; width_phone=&#8221;50%&#8221; width_last_edited=&#8221;on|phone&#8221; module_alignment=&#8221;center&#8221; global_colors_info=&#8221;{}&#8221;][\/et_pb_image][et_pb_text _builder_version=&#8221;4.27.5&#8243; _module_preset=&#8221;default&#8221; text_font_size=&#8221;16px&#8221; text_line_height=&#8221;1.3em&#8221; header_3_font=&#8221;|||on|||||&#8221; text_orientation=&#8221;center&#8221; max_width=&#8221;80%&#8221; module_alignment=&#8221;center&#8221; global_colors_info=&#8221;{}&#8221;]<\/p>\n<h3>Definici\u00f3 de l&#8217;estrat\u00e8gia<\/h3>\n<p>[\/et_pb_text][\/et_pb_column][et_pb_column type=&#8221;1_4&#8243; _builder_version=&#8221;4.27.5&#8243; _module_preset=&#8221;default&#8221; background_color=&#8221;gcid-3ab956e5-80c5-4abe-b2b0-1abf5f1c2c39&#8243; custom_padding=&#8221;1em|0em|1em|0em|true|true&#8221; border_radii=&#8221;on|2em|2em|2em|2em&#8221; border_width_all=&#8221;2px&#8221; border_color_all=&#8221;#000000&#8243; global_colors_info=&#8221;{%22gcid-3ab956e5-80c5-4abe-b2b0-1abf5f1c2c39%22:%91%22background_color%22%93}&#8221;][et_pb_image src=&#8221;https:\/\/microservei.com\/wp-content\/uploads\/2026\/01\/soluciones_it.svg&#8221; title_text=&#8221;soluciones_it&#8221; _builder_version=&#8221;4.27.5&#8243; _module_preset=&#8221;default&#8221; width=&#8221;24%&#8221; width_tablet=&#8221;24%&#8221; width_phone=&#8221;35%&#8221; width_last_edited=&#8221;on|phone&#8221; module_alignment=&#8221;center&#8221; filter_brightness=&#8221;0%&#8221; global_colors_info=&#8221;{}&#8221;][\/et_pb_image][et_pb_text _builder_version=&#8221;4.27.5&#8243; _module_preset=&#8221;default&#8221; text_font_size=&#8221;16px&#8221; text_line_height=&#8221;1.3em&#8221; header_3_font=&#8221;|||on|||||&#8221; text_orientation=&#8221;center&#8221; max_width=&#8221;80%&#8221; module_alignment=&#8221;center&#8221; global_colors_info=&#8221;{}&#8221;]<\/p>\n<h3>Disseny de la soluci\u00f3<\/h3>\n<p>[\/et_pb_text][\/et_pb_column][et_pb_column type=&#8221;1_4&#8243; _builder_version=&#8221;4.27.5&#8243; _module_preset=&#8221;default&#8221; background_color=&#8221;gcid-3ab956e5-80c5-4abe-b2b0-1abf5f1c2c39&#8243; custom_padding=&#8221;1em|0em|1em|0em|true|true&#8221; border_radii=&#8221;on|2em|2em|2em|2em&#8221; border_width_all=&#8221;2px&#8221; border_color_all=&#8221;#000000&#8243; global_colors_info=&#8221;{%22gcid-3ab956e5-80c5-4abe-b2b0-1abf5f1c2c39%22:%91%22background_color%22%93}&#8221;][et_pb_image src=&#8221;https:\/\/microservei.com\/wp-content\/uploads\/2026\/01\/Implantacion.svg&#8221; title_text=&#8221;Implantacion&#8221; _builder_version=&#8221;4.27.5&#8243; _module_preset=&#8221;default&#8221; width=&#8221;37%&#8221; width_tablet=&#8221;37%&#8221; width_phone=&#8221;38%&#8221; width_last_edited=&#8221;on|phone&#8221; module_alignment=&#8221;center&#8221; global_colors_info=&#8221;{}&#8221;][\/et_pb_image][et_pb_text _builder_version=&#8221;4.27.5&#8243; _module_preset=&#8221;default&#8221; text_font_size=&#8221;16px&#8221; text_line_height=&#8221;1.3em&#8221; header_3_font=&#8221;|||on|||||&#8221; text_orientation=&#8221;center&#8221; max_width=&#8221;80%&#8221; module_alignment=&#8221;center&#8221; global_colors_info=&#8221;{}&#8221;]<\/p>\n<h3>Implantaci\u00f3 del servei<\/h3>\n<p>[\/et_pb_text][\/et_pb_column][et_pb_column type=&#8221;1_4&#8243; _builder_version=&#8221;4.27.5&#8243; _module_preset=&#8221;default&#8221; background_color=&#8221;gcid-3ab956e5-80c5-4abe-b2b0-1abf5f1c2c39&#8243; custom_padding=&#8221;1em|0em|1em|0em|true|true&#8221; border_radii=&#8221;on|2em|2em|2em|2em&#8221; border_width_all=&#8221;2px&#8221; border_color_all=&#8221;#000000&#8243; global_colors_info=&#8221;{%22gcid-3ab956e5-80c5-4abe-b2b0-1abf5f1c2c39%22:%91%22background_color%22%93}&#8221;][et_pb_image src=&#8221;https:\/\/microservei.com\/wp-content\/uploads\/2026\/01\/Explotacion.svg&#8221; title_text=&#8221;Explotacion&#8221; _builder_version=&#8221;4.27.5&#8243; _module_preset=&#8221;default&#8221; width=&#8221;50%&#8221; width_tablet=&#8221;50%&#8221; width_phone=&#8221;50%&#8221; width_last_edited=&#8221;on|phone&#8221; module_alignment=&#8221;center&#8221; global_colors_info=&#8221;{}&#8221;][\/et_pb_image][et_pb_text _builder_version=&#8221;4.27.5&#8243; _module_preset=&#8221;default&#8221; text_font_size=&#8221;16px&#8221; text_line_height=&#8221;1.3em&#8221; header_3_font=&#8221;|||on|||||&#8221; text_orientation=&#8221;center&#8221; max_width=&#8221;80%&#8221; module_alignment=&#8221;center&#8221; global_colors_info=&#8221;{}&#8221;]<\/p>\n<h3>Explotaci\u00f3 del servei<\/h3>\n<p>[\/et_pb_text][\/et_pb_column][\/et_pb_row][\/et_pb_section]<\/p>\n","protected":false},"excerpt":{"rendered":"<p>Microsoft per a empreses Servei 100% gestionat per a la instal\u00b7laci\u00f3, gesti\u00f3 i manteniment de les aplicacions del paquet Microsoft que la teva empresa necessitiServei gestionat. Gaudeix de tots els avantatges de Microsoft i del servei personalitzat del teu prove\u00efdor de confian\u00e7a en una \u00fanica soluci\u00f3. Confian\u00e7a, seguretat i personalitzaci\u00f3: formem els teus empleats, mantenim [&hellip;]<\/p>\n","protected":false},"author":1,"featured_media":0,"parent":0,"menu_order":0,"comment_status":"closed","ping_status":"closed","template":"","meta":{"_et_pb_use_builder":"on","_et_pb_old_content":"","_et_gb_content_width":"","footnotes":""},"class_list":["post-782","page","type-page","status-publish","hentry"],"_links":{"self":[{"href":"https:\/\/microservei.com\/ca\/wp-json\/wp\/v2\/pages\/782","targetHints":{"allow":["GET"]}}],"collection":[{"href":"https:\/\/microservei.com\/ca\/wp-json\/wp\/v2\/pages"}],"about":[{"href":"https:\/\/microservei.com\/ca\/wp-json\/wp\/v2\/types\/page"}],"author":[{"embeddable":true,"href":"https:\/\/microservei.com\/ca\/wp-json\/wp\/v2\/users\/1"}],"replies":[{"embeddable":true,"href":"https:\/\/microservei.com\/ca\/wp-json\/wp\/v2\/comments?post=782"}],"version-history":[{"count":4,"href":"https:\/\/microservei.com\/ca\/wp-json\/wp\/v2\/pages\/782\/revisions"}],"predecessor-version":[{"id":1215,"href":"https:\/\/microservei.com\/ca\/wp-json\/wp\/v2\/pages\/782\/revisions\/1215"}],"wp:attachment":[{"href":"https:\/\/microservei.com\/ca\/wp-json\/wp\/v2\/media?parent=782"}],"curies":[{"name":"wp","href":"https:\/\/api.w.org\/{rel}","templated":true}]}}