{"id":808,"date":"2026-01-09T13:04:36","date_gmt":"2026-01-09T13:04:36","guid":{"rendered":"https:\/\/microservei.com\/contacte\/"},"modified":"2026-01-13T11:42:04","modified_gmt":"2026-01-13T11:42:04","slug":"contacte","status":"publish","type":"page","link":"https:\/\/microservei.com\/ca\/contacte\/","title":{"rendered":"Contacte"},"content":{"rendered":"<p>[et_pb_section fb_built=&#8221;1&#8243; _builder_version=&#8221;4.27.5&#8243; _module_preset=&#8221;default&#8221; background_image=&#8221;https:\/\/microservei.com\/wp-content\/uploads\/2025\/12\/Fondo-HOME.png&#8221; custom_margin=&#8221;-14em||||false|false&#8221; custom_padding=&#8221;15em||3em||false|false&#8221; global_colors_info=&#8221;{}&#8221;][et_pb_row _builder_version=&#8221;4.27.5&#8243; _module_preset=&#8221;default&#8221; global_colors_info=&#8221;{}&#8221;][et_pb_column type=&#8221;4_4&#8243; _builder_version=&#8221;4.27.5&#8243; _module_preset=&#8221;default&#8221; global_colors_info=&#8221;{}&#8221;][et_pb_text _builder_version=&#8221;4.27.5&#8243; _module_preset=&#8221;default&#8221; text_text_color=&#8221;gcid-3ab956e5-80c5-4abe-b2b0-1abf5f1c2c39&#8243; header_text_color=&#8221;gcid-3ab956e5-80c5-4abe-b2b0-1abf5f1c2c39&#8243; text_orientation=&#8221;center&#8221; max_width=&#8221;80%&#8221; module_alignment=&#8221;center&#8221; global_colors_info=&#8221;{%22gcid-3ab956e5-80c5-4abe-b2b0-1abf5f1c2c39%22:%91%22header_text_color%22,%22text_text_color%22%93}&#8221;]<\/p>\n<h1>Hola, qu\u00e8 podem fer per vost\u00e8?<\/p>\n<\/h1>\n<p>Ens permeten saber quines s\u00f3n les vostres preguntes, desitjos i necessitats i anem a trucar o enviar un e-mail immediatament (en dies) amb una resposta.<\/p>\n<p>[\/et_pb_text][et_pb_contact_form captcha=&#8221;off&#8221; email=&#8221;hola@microservei.com&#8221; custom_message=&#8221;Nom i cognoms: %%Name%% ||et_pb_line_break_holder||Tel\u00e8fon: %%Telefono%% ||et_pb_line_break_holder||Correu electr\u00f2nic *: %%Email%%||et_pb_line_break_holder||Introdu\u00efu aqu\u00ed el vostre missatge *: %%Message%%||et_pb_line_break_holder||Acepta la privacidad: %%Privacidad%%&#8221; _builder_version=&#8221;4.27.5&#8243; _module_preset=&#8221;default&#8221; _unique_id=&#8221;a89bf719-b1bb-4e52-b141-94e21c42ffe8&#8243; form_field_custom_margin=&#8221;||11px||false|false&#8221; form_field_custom_padding=&#8221;||||false|false&#8221; custom_button=&#8221;on&#8221; button_text_size=&#8221;19px&#8221; button_text_color=&#8221;#FFFFFF&#8221; button_bg_color=&#8221;#22EFE0&#8243; button_border_width=&#8221;2px&#8221; button_use_icon=&#8221;off&#8221; width=&#8221;65%&#8221; module_alignment=&#8221;center&#8221; hover_enabled=&#8221;0&#8243; border_radii=&#8221;on|10px|10px|10px|10px&#8221; global_colors_info=&#8221;{}&#8221; button_text_color__hover_enabled=&#8221;on|hover&#8221; button_text_color__hover=&#8221;#22EFE0&#8243; button_bg_color__hover_enabled=&#8221;on|hover&#8221; button_bg_color__hover=&#8221;#FFFFFF&#8221; button_bg_enable_color__hover=&#8221;on&#8221; sticky_enabled=&#8221;0&#8243;][et_pb_contact_field field_id=&#8221;Name&#8221; field_title=&#8221;Nom&#8221; _builder_version=&#8221;4.27.5&#8243; global_colors_info=&#8221;{}&#8221; button_text_size__hover_enabled=&#8221;off&#8221; button_one_text_size__hover_enabled=&#8221;off&#8221; button_two_text_size__hover_enabled=&#8221;off&#8221; button_text_color__hover_enabled=&#8221;off&#8221; button_one_text_color__hover_enabled=&#8221;off&#8221; button_two_text_color__hover_enabled=&#8221;off&#8221; button_border_width__hover_enabled=&#8221;off&#8221; button_one_border_width__hover_enabled=&#8221;off&#8221; button_two_border_width__hover_enabled=&#8221;off&#8221; button_border_color__hover_enabled=&#8221;off&#8221; button_one_border_color__hover_enabled=&#8221;off&#8221; button_two_border_color__hover_enabled=&#8221;off&#8221; button_border_radius__hover_enabled=&#8221;off&#8221; button_one_border_radius__hover_enabled=&#8221;off&#8221; button_two_border_radius__hover_enabled=&#8221;off&#8221; button_letter_spacing__hover_enabled=&#8221;off&#8221; button_one_letter_spacing__hover_enabled=&#8221;off&#8221; button_two_letter_spacing__hover_enabled=&#8221;off&#8221; button_bg_color__hover_enabled=&#8221;off&#8221; button_one_bg_color__hover_enabled=&#8221;off&#8221; button_two_bg_color__hover_enabled=&#8221;off&#8221;][\/et_pb_contact_field][et_pb_contact_field field_id=&#8221;Surname&#8221; field_title=&#8221;Cognoms&#8221; _builder_version=&#8221;4.27.5&#8243; global_colors_info=&#8221;{}&#8221; button_text_size__hover_enabled=&#8221;off&#8221; button_one_text_size__hover_enabled=&#8221;off&#8221; button_two_text_size__hover_enabled=&#8221;off&#8221; button_text_color__hover_enabled=&#8221;off&#8221; button_one_text_color__hover_enabled=&#8221;off&#8221; button_two_text_color__hover_enabled=&#8221;off&#8221; button_border_width__hover_enabled=&#8221;off&#8221; button_one_border_width__hover_enabled=&#8221;off&#8221; button_two_border_width__hover_enabled=&#8221;off&#8221; button_border_color__hover_enabled=&#8221;off&#8221; button_one_border_color__hover_enabled=&#8221;off&#8221; button_two_border_color__hover_enabled=&#8221;off&#8221; button_border_radius__hover_enabled=&#8221;off&#8221; button_one_border_radius__hover_enabled=&#8221;off&#8221; button_two_border_radius__hover_enabled=&#8221;off&#8221; button_letter_spacing__hover_enabled=&#8221;off&#8221; button_one_letter_spacing__hover_enabled=&#8221;off&#8221; button_two_letter_spacing__hover_enabled=&#8221;off&#8221; button_bg_color__hover_enabled=&#8221;off&#8221; button_one_bg_color__hover_enabled=&#8221;off&#8221; button_two_bg_color__hover_enabled=&#8221;off&#8221;][\/et_pb_contact_field][et_pb_contact_field field_id=&#8221;Email&#8221; field_title=&#8221;Correu electr\u00f2nic *&#8221; field_type=&#8221;email&#8221; _builder_version=&#8221;4.27.5&#8243; global_colors_info=&#8221;{}&#8221; button_text_size__hover_enabled=&#8221;off&#8221; button_one_text_size__hover_enabled=&#8221;off&#8221; button_two_text_size__hover_enabled=&#8221;off&#8221; button_text_color__hover_enabled=&#8221;off&#8221; button_one_text_color__hover_enabled=&#8221;off&#8221; button_two_text_color__hover_enabled=&#8221;off&#8221; button_border_width__hover_enabled=&#8221;off&#8221; button_one_border_width__hover_enabled=&#8221;off&#8221; button_two_border_width__hover_enabled=&#8221;off&#8221; button_border_color__hover_enabled=&#8221;off&#8221; button_one_border_color__hover_enabled=&#8221;off&#8221; button_two_border_color__hover_enabled=&#8221;off&#8221; button_border_radius__hover_enabled=&#8221;off&#8221; button_one_border_radius__hover_enabled=&#8221;off&#8221; button_two_border_radius__hover_enabled=&#8221;off&#8221; button_letter_spacing__hover_enabled=&#8221;off&#8221; button_one_letter_spacing__hover_enabled=&#8221;off&#8221; button_two_letter_spacing__hover_enabled=&#8221;off&#8221; button_bg_color__hover_enabled=&#8221;off&#8221; button_one_bg_color__hover_enabled=&#8221;off&#8221; button_two_bg_color__hover_enabled=&#8221;off&#8221;][\/et_pb_contact_field][et_pb_contact_field field_id=&#8221;Telefono&#8221; field_title=&#8221;Tel\u00e8fon&#8221; allowed_symbols=&#8221;numbers&#8221; required_mark=&#8221;off&#8221; _builder_version=&#8221;4.27.5&#8243; global_colors_info=&#8221;{}&#8221; button_text_size__hover_enabled=&#8221;off&#8221; button_one_text_size__hover_enabled=&#8221;off&#8221; button_two_text_size__hover_enabled=&#8221;off&#8221; button_text_color__hover_enabled=&#8221;off&#8221; button_one_text_color__hover_enabled=&#8221;off&#8221; button_two_text_color__hover_enabled=&#8221;off&#8221; button_border_width__hover_enabled=&#8221;off&#8221; button_one_border_width__hover_enabled=&#8221;off&#8221; button_two_border_width__hover_enabled=&#8221;off&#8221; button_border_color__hover_enabled=&#8221;off&#8221; button_one_border_color__hover_enabled=&#8221;off&#8221; button_two_border_color__hover_enabled=&#8221;off&#8221; button_border_radius__hover_enabled=&#8221;off&#8221; button_one_border_radius__hover_enabled=&#8221;off&#8221; button_two_border_radius__hover_enabled=&#8221;off&#8221; button_letter_spacing__hover_enabled=&#8221;off&#8221; button_one_letter_spacing__hover_enabled=&#8221;off&#8221; button_two_letter_spacing__hover_enabled=&#8221;off&#8221; button_bg_color__hover_enabled=&#8221;off&#8221; button_one_bg_color__hover_enabled=&#8221;off&#8221; button_two_bg_color__hover_enabled=&#8221;off&#8221;][\/et_pb_contact_field][et_pb_contact_field field_id=&#8221;Message&#8221; field_title=&#8221;Introdu\u00efu aqu\u00ed el vostre missatge *&#8221; field_type=&#8221;text&#8221; fullwidth_field=&#8221;on&#8221; _builder_version=&#8221;4.27.5&#8243; global_colors_info=&#8221;{}&#8221; button_text_size__hover_enabled=&#8221;off&#8221; button_one_text_size__hover_enabled=&#8221;off&#8221; button_two_text_size__hover_enabled=&#8221;off&#8221; button_text_color__hover_enabled=&#8221;off&#8221; button_one_text_color__hover_enabled=&#8221;off&#8221; button_two_text_color__hover_enabled=&#8221;off&#8221; button_border_width__hover_enabled=&#8221;off&#8221; button_one_border_width__hover_enabled=&#8221;off&#8221; button_two_border_width__hover_enabled=&#8221;off&#8221; button_border_color__hover_enabled=&#8221;off&#8221; button_one_border_color__hover_enabled=&#8221;off&#8221; button_two_border_color__hover_enabled=&#8221;off&#8221; button_border_radius__hover_enabled=&#8221;off&#8221; button_one_border_radius__hover_enabled=&#8221;off&#8221; button_two_border_radius__hover_enabled=&#8221;off&#8221; button_letter_spacing__hover_enabled=&#8221;off&#8221; button_one_letter_spacing__hover_enabled=&#8221;off&#8221; button_two_letter_spacing__hover_enabled=&#8221;off&#8221; button_bg_color__hover_enabled=&#8221;off&#8221; button_one_bg_color__hover_enabled=&#8221;off&#8221; button_two_bg_color__hover_enabled=&#8221;off&#8221;][\/et_pb_contact_field][et_pb_contact_field field_id=&#8221;Privacidad&#8221; field_type=&#8221;checkbox&#8221; checkbox_options=&#8221;%91{%22value%22:%22En fer clic a continuaci\u00f3, enteneu que la informaci\u00f3 que proporcioneu ser\u00e0 transferida a Microservei per al seu processament d&#039;acord amb la seva Pol\u00edtica de Privadesa i %22,%22checked%22:0,%22dragID%22:-1,%22link_url%22:%22https:%92\/%92\/microservei.somoswom.es%92\/aviso-legal%92\/%22,%22link_text%22:%22Av\u00eds Legal.%22}%93&#8243; fullwidth_field=&#8221;on&#8221; _builder_version=&#8221;4.27.5&#8243; _module_preset=&#8221;default&#8221; form_field_text_color=&#8221;gcid-3ab956e5-80c5-4abe-b2b0-1abf5f1c2c39&#8243; hover_enabled=&#8221;0&#8243; global_colors_info=&#8221;{%22gcid-3ab956e5-80c5-4abe-b2b0-1abf5f1c2c39%22:%91%22form_field_text_color%22%93}&#8221; sticky_enabled=&#8221;0&#8243;][\/et_pb_contact_field][\/et_pb_contact_form][\/et_pb_column][\/et_pb_row][\/et_pb_section][et_pb_section fb_built=&#8221;1&#8243; _builder_version=&#8221;4.27.5&#8243; _module_preset=&#8221;default&#8221; custom_padding=&#8221;0px||0px|||&#8221; global_colors_info=&#8221;{}&#8221;][et_pb_row column_structure=&#8221;2_5,3_5&#8243; _builder_version=&#8221;4.27.5&#8243; _module_preset=&#8221;default&#8221; width=&#8221;100%&#8221; custom_padding=&#8221;0px||0px|||&#8221; hover_enabled=&#8221;0&#8243; custom_css_main_element=&#8221;display: flex; align-items: center;&#8221; global_colors_info=&#8221;{}&#8221; sticky_enabled=&#8221;0&#8243;][et_pb_column type=&#8221;2_5&#8243; _builder_version=&#8221;4.27.5&#8243; _module_preset=&#8221;default&#8221; background_image=&#8221;https:\/\/microservei.com\/wp-content\/uploads\/2025\/12\/conexiones.png&#8221; hover_enabled=&#8221;0&#8243; global_colors_info=&#8221;{}&#8221; disabled_on=&#8221;on|on|off&#8221; sticky_enabled=&#8221;0&#8243;][et_pb_divider _builder_version=&#8221;4.27.5&#8243; _module_preset=&#8221;default&#8221; height=&#8221;45em&#8221; global_colors_info=&#8221;{}&#8221;][\/et_pb_divider][\/et_pb_column][et_pb_column type=&#8221;3_5&#8243; _builder_version=&#8221;4.27.5&#8243; _module_preset=&#8221;default&#8221; custom_padding=&#8221;|10em|||false|false&#8221; hover_enabled=&#8221;0&#8243; global_colors_info=&#8221;{}&#8221; custom_padding_last_edited=&#8221;on|phone&#8221; custom_padding_phone=&#8221;3em|2em|3em|2em|true|true&#8221; sticky_enabled=&#8221;0&#8243; custom_padding_tablet=&#8221;|10em|||false|false&#8221;][et_pb_text _builder_version=&#8221;4.27.5&#8243; _module_preset=&#8221;default&#8221; hover_enabled=&#8221;0&#8243; global_colors_info=&#8221;{}&#8221; sticky_enabled=&#8221;0&#8243;]<\/p>\n<h2>Horari<br \/>de consulta<\/h2>\n<p><strong>Anem a resoldre junts, els seus problemes de<\/strong><br \/>Si vost\u00e8 est\u00e0 frustrat amb el seu prove\u00efdor actual, que no disposa d&#8217;una estrat\u00e8gia \u00e9s clara, o simplement necessitat de suport les 24 hores, Microservei est\u00e0 aqu\u00ed per ajudar. Fem un cop d&#8217;ull a la seva situaci\u00f3 particular, i a veure si som la soluci\u00f3 adequada per proporcionar solucions segura i fiable per a la vostra empresa.<\/p>\n<p><strong>Per qu\u00e8 les empreses com la teva tria Microservei<br \/><\/strong>\u00b7 T&#8217;adones que vost\u00e8 necessita ajuda, despr\u00e9s d&#8217;experimentar freq\u00fcents els talls que afecten a les seves operacions.<br \/>\u00b7 Els seus equips interns de la mateixa estan sobrecarregades i buscar complementat amb una parella ideal.<br \/>\u00b7 Hi ha hagut un cyber security incident, o sentir que estan exposades i en la necessitat de protecci\u00f3 d&#8217;experts i proactiva seguiment.<br \/>\u00b7 S\u00f3n frustrat per el temps de resposta, o resolucions, lent, i per la manca d&#8217;una orientaci\u00f3 estrat\u00e8gica d&#8217;aquest amb el seu anterior prove\u00efdor.<\/p>\n<p>[\/et_pb_text][et_pb_text _builder_version=&#8221;4.27.5&#8243; _module_preset=&#8221;default&#8221; custom_padding=&#8221;1em|1em|1em|1em|true|true&#8221; border_radii=&#8221;on|1em|1em|1em|1em&#8221; border_width_all=&#8221;1px&#8221; global_colors_info=&#8221;{}&#8221;]<\/p>\n<p><strong>A punt per comen\u00e7ar?<\/strong><br \/>Junts, anem a crear una estrat\u00e8gia que elimina les interrupcions, <br \/>protegir el seu negoci i donar suport al seu creixement.<\/p>\n<p>[\/et_pb_text][\/et_pb_column][\/et_pb_row][\/et_pb_section]<\/p>\n","protected":false},"excerpt":{"rendered":"<p>Hola, qu\u00e8 podem fer per vost\u00e8? Ens permeten saber quines s\u00f3n les vostres preguntes, desitjos i necessitats i anem a trucar o enviar un e-mail immediatament (en dies) amb una resposta.Horaride consulta Anem a resoldre junts, els seus problemes deSi vost\u00e8 est\u00e0 frustrat amb el seu prove\u00efdor actual, que no disposa d&#8217;una estrat\u00e8gia \u00e9s clara, [&hellip;]<\/p>\n","protected":false},"author":1,"featured_media":0,"parent":0,"menu_order":0,"comment_status":"closed","ping_status":"closed","template":"","meta":{"_et_pb_use_builder":"on","_et_pb_old_content":"","_et_gb_content_width":"","footnotes":""},"class_list":["post-808","page","type-page","status-publish","hentry"],"_links":{"self":[{"href":"https:\/\/microservei.com\/ca\/wp-json\/wp\/v2\/pages\/808","targetHints":{"allow":["GET"]}}],"collection":[{"href":"https:\/\/microservei.com\/ca\/wp-json\/wp\/v2\/pages"}],"about":[{"href":"https:\/\/microservei.com\/ca\/wp-json\/wp\/v2\/types\/page"}],"author":[{"embeddable":true,"href":"https:\/\/microservei.com\/ca\/wp-json\/wp\/v2\/users\/1"}],"replies":[{"embeddable":true,"href":"https:\/\/microservei.com\/ca\/wp-json\/wp\/v2\/comments?post=808"}],"version-history":[{"count":6,"href":"https:\/\/microservei.com\/ca\/wp-json\/wp\/v2\/pages\/808\/revisions"}],"predecessor-version":[{"id":980,"href":"https:\/\/microservei.com\/ca\/wp-json\/wp\/v2\/pages\/808\/revisions\/980"}],"wp:attachment":[{"href":"https:\/\/microservei.com\/ca\/wp-json\/wp\/v2\/media?parent=808"}],"curies":[{"name":"wp","href":"https:\/\/api.w.org\/{rel}","templated":true}]}}