{"id":888,"date":"2026-01-13T10:28:48","date_gmt":"2026-01-13T10:28:48","guid":{"rendered":"https:\/\/microservei.com\/?page_id=888"},"modified":"2026-01-13T10:28:48","modified_gmt":"2026-01-13T10:28:48","slug":"avis-legal","status":"publish","type":"page","link":"https:\/\/microservei.com\/ca\/avis-legal\/","title":{"rendered":"Av\u00eds Legal"},"content":{"rendered":"\n<p>MICROSERVEI INFORMATICA I XARXES S.L. (MICROSERVEI) es la titular del sitio web www.microservei.com (el \u201cSitio Web\u201d), cuya utilizaci\u00f3n est\u00e1 sujeta a los t\u00e9rminos del presente Aviso Legal, sus&nbsp;<a href=\"https:\/\/gigas.com\/legal-condiciones-uso.html\">Condiciones de Uso<\/a>&nbsp;(las \u201cCondiciones de Uso\u201d) y dem\u00e1s textos legales accesibles a trav\u00e9s del Sitio Web.<\/p>\n\n\n\n<p>El Sitio Web incluye \u201cmicroservei.com\u201d y todos los sitios online de Microservei, tales como, seg\u00fan el caso, blog, web, materiales de soporte, paneles de control, p\u00e1ginas de producto, tienda online, manuales, microsites, etc., tanto bajo www.microservei.com como bajo otros dominios operados y\/o controlados por MICROSERVEI (conjuntamente, \u201cNuestra Web\u201d). La visita y navegaci\u00f3n por Nuestra Web le atribuye la condici\u00f3n de usuario (\u201cUsuario\u201d), e implica la aceptaci\u00f3n de los t\u00e9rminos de este Aviso Legal, de las Condiciones de Uso y de nuestra&nbsp;<a href=\"https:\/\/gigas.com\/legal-proteccion-de-datos.html\">Pol\u00edtica de Privacidad.<\/a>&nbsp;Si no estuviera de acuerdo con alguna de estas condiciones le rogamos que por favor no siga utilizando Nuestra Web.<\/p>\n\n\n\n<p>El Usuario es consciente de que el acceso y utilizaci\u00f3n de los servicios y contenidos del Sitio Web se realiza bajo su \u00fanica y exclusiva responsabilidad. MICROSERVEI recomienda al Usuario leer el Aviso Legal y las Condiciones de Uso cada vez que desee acceder al Sitio Web, ya que el mismo puede sufrir modificaciones, siendo la versi\u00f3n vigente aquella publicada en cada momento. MICROSERVEI podr\u00e1 modificar de forma unilateral y sin aviso previo la configuraci\u00f3n, el contenido y los servicios del Sitio Web, as\u00ed como el presente Aviso Legal y las Condiciones de Uso, sin que de ello se derive derecho alguno para el Usuario m\u00e1s all\u00e1 de los que expresamente se le reconozcan en los textos legales del Sitio Web.<\/p>\n\n\n\n<p>Sin perjuicio de los costes de acceso y de conexi\u00f3n a Internet, que en todo caso son ajenos al control y responsabilidad de MICROSERVEI, el acceso y uso de Nuestra Web tiene car\u00e1cter gratuito. No obstante, la contrataci\u00f3n de productos o servicios de MICROSERVEI o de terceros a trav\u00e9s del Sitio Web podr\u00e1 estar sometida a determinados costes a asumir por el Usuario, de lo cual se informar\u00e1 de manera clara y para cuya aplicaci\u00f3n se requerir\u00e1 su aceptaci\u00f3n expresa en relaci\u00f3n con las correspondientes Condiciones Generales de Contrataci\u00f3n, Condiciones Particulares y, en su caso, otros t\u00e9rminos contractuales.<\/p>\n\n\n\n<p>El prop\u00f3sito principal del Sitio Web es el de poner en conocimiento del Usuario el cat\u00e1logo de productos y servicios ofrecidos por MICROSERVEI, as\u00ed como, desde el momento en que est\u00e9 disponible, poner a disposici\u00f3n del Usuario un sistema de tienda online mediante el que podr\u00e1 contratar los productos y\/o servicios de MICROSERVEI o de terceros que en cada momento se encuentren disponibles.<\/p>\n","protected":false},"excerpt":{"rendered":"<p>MICROSERVEI INFORMATICA I XARXES S.L. (MICROSERVEI) es la titular del sitio web www.microservei.com (el \u201cSitio Web\u201d), cuya utilizaci\u00f3n est\u00e1 sujeta a los t\u00e9rminos del presente Aviso Legal, sus&nbsp;Condiciones de Uso&nbsp;(las \u201cCondiciones de Uso\u201d) y dem\u00e1s textos legales accesibles a trav\u00e9s del Sitio Web. El Sitio Web incluye \u201cmicroservei.com\u201d y todos los sitios online de Microservei, [&hellip;]<\/p>\n","protected":false},"author":1,"featured_media":0,"parent":0,"menu_order":0,"comment_status":"closed","ping_status":"closed","template":"","meta":{"_et_pb_use_builder":"off","_et_pb_old_content":"","_et_gb_content_width":"","footnotes":""},"class_list":["post-888","page","type-page","status-publish","hentry"],"_links":{"self":[{"href":"https:\/\/microservei.com\/ca\/wp-json\/wp\/v2\/pages\/888","targetHints":{"allow":["GET"]}}],"collection":[{"href":"https:\/\/microservei.com\/ca\/wp-json\/wp\/v2\/pages"}],"about":[{"href":"https:\/\/microservei.com\/ca\/wp-json\/wp\/v2\/types\/page"}],"author":[{"embeddable":true,"href":"https:\/\/microservei.com\/ca\/wp-json\/wp\/v2\/users\/1"}],"replies":[{"embeddable":true,"href":"https:\/\/microservei.com\/ca\/wp-json\/wp\/v2\/comments?post=888"}],"version-history":[{"count":1,"href":"https:\/\/microservei.com\/ca\/wp-json\/wp\/v2\/pages\/888\/revisions"}],"predecessor-version":[{"id":889,"href":"https:\/\/microservei.com\/ca\/wp-json\/wp\/v2\/pages\/888\/revisions\/889"}],"wp:attachment":[{"href":"https:\/\/microservei.com\/ca\/wp-json\/wp\/v2\/media?parent=888"}],"curies":[{"name":"wp","href":"https:\/\/api.w.org\/{rel}","templated":true}]}}