{"id":891,"date":"2025-12-12T08:30:57","date_gmt":"2025-12-12T08:30:57","guid":{"rendered":"https:\/\/microservei.com\/privacy-policy\/"},"modified":"2026-01-13T10:29:36","modified_gmt":"2026-01-13T10:29:36","slug":"privacy-policy","status":"publish","type":"page","link":"https:\/\/microservei.com\/ca\/privacy-policy\/","title":{"rendered":"POLITICA DE PRIVACIDAD"},"content":{"rendered":"\n<p><strong>Responsable:&nbsp;<\/strong>Microservei Informatica i Xarxes SL<\/p>\n\n\n\n<p><strong>Finalidad:&nbsp;<\/strong>Gestionar distintas actividades derivadas de la propia prestaci\u00f3n del servicio, acciones comerciales, consultas, etc.<\/p>\n\n\n\n<p>Legitimaci\u00f3n: La correcta ejecuci\u00f3n del contrato, inter\u00e9s leg\u00edtimo y consentimiento del interesado.<\/p>\n\n\n\n<p>Destinatarios: MICROSERVEI as\u00ed como terceras personas que deben mantener en todo momento los mismos niveles de seguridad que MICROSERVEI en relaci\u00f3n a los datos personales y estar vinculadas por compromisos legales a fin de guardar los datos de forma priva y segura siguiendo las instrucciones espec\u00edficas de MICROSERVEI.<\/p>\n\n\n\n<p>Derechos: Las personas interesadas pueden solicitar el derecho de acceso a sus datos personales, solicitar el derecho de rectificaci\u00f3n de aquellos datos que sean inexactos, la supresi\u00f3n de los datos, la limitaci\u00f3n al tratamiento de sus datos, derecho a oponerse a la utilizaci\u00f3n de determinados datos y puede retirar los consentimientos otorgados en cualquier momento.<\/p>\n\n\n\n<p>Pueden ejercitarse por escrito a trav\u00e9s del contacto de \u201cresponsable de tratamiento\u201d, o a trav\u00e9s de un correo electr\u00f3nico a la direcci\u00f3n:&nbsp;<a href=\"mailto:hola@microservei.com\">hola@microservei.com<\/a>.<\/p>\n\n\n\n<p>POL\u00cdTICA DE PRIVACIDAD Y PROTECCI\u00d3N DE DATOS<br>Mediante esta Pol\u00edtica de Privacidad y Protecci\u00f3n de Datos (la \u201cPol\u00edtica de Privacidad\u201d), MICROSERVEI, informa sobre el tratamiento de datos de car\u00e1cter personal recabados de los usuarios, de conformidad con lo establecido en el Reglamento (UE) 2016\/679, de 27 de abril, relativo a la protecci\u00f3n de las personas f\u00edsicas en lo que respecta al tratamiento de datos personales y a la libre circulaci\u00f3n de datos y dem\u00e1s normativa aplicable.<\/p>\n\n\n\n<p>La Pol\u00edtica de Privacidad incluye la informaci\u00f3n necesaria para que los Usuarios, previamente y de forma libre, puedan decidir si se desean facilitar los datos personales que les puedan ser requeridos con motivo de la suscripci\u00f3n de los servicios y prestaciones que ofrece MICROSERVEI a trav\u00e9s del sitio web http:\/\/www.microservei.com (el \u201cSitio Web\u201d), y puedan decidir si desean prestar su consentimiento para el tratamiento de sus datos de car\u00e1cter personal.<\/p>\n\n\n\n<p>Responsable del Tratamiento<\/p>\n\n\n\n<p>El responsable de los tratamientos de los datos referentes a los distintos procesos para la gesti\u00f3n de usuarios, clientes, clientes potenciales, colaboradores o cualquier otra persona que solicite informaci\u00f3n o facilite sus datos, es MICROSERVEI INFORMATICA I XARXES SL.<\/p>\n\n\n\n<p>Categor\u00edas de datos obtenidos<\/p>\n\n\n\n<p>Para la correcta prestaci\u00f3n de los Servicios por parte de MICROSERVEI o para permitir el acceso y la navegaci\u00f3n en el Sitio Web, se podr\u00e1n requerir, seg\u00fan el caso, las siguientes categor\u00edas de datos: datos de identificaci\u00f3n, direcciones postales o electr\u00f3nicas, datos econ\u00f3micos y de transacciones, datos profesionales, informaci\u00f3n comercial y circunstancias personales.<\/p>\n\n\n\n<p>En ning\u00fan caso tratamos datos especialmente protegidos. Todos los datos arriba mencionados los hemos obtenido o directamente de ti mediante la presentaci\u00f3n de una oferta comercial, propuesta contractual, solicitud de informaci\u00f3n etc. o de tu empresa al facilitarnos los datos de identificaci\u00f3n y dem\u00e1s informaci\u00f3n necesaria para llevar al cabo el objeto de la relaci\u00f3n contractual o informativa con MICROSERVEI. Ser\u00e1 tu obligaci\u00f3n o de tu empresa facilitarnos los datos actualizados en caso de modificaci\u00f3n. Con respecto a los datos de candidatos a empleo hemos obtenido sus datos mediante la presentaci\u00f3n de un CV por su parte o la obtenci\u00f3n de su candidatura mediante los servicios de un portal de empleo. En este \u00faltimo caso nos has autorizado dicha cesi\u00f3n de tus datos a nuestra empresa al enviarnos tus datos curriculares.<\/p>\n\n\n\n<p>Finalidad de tratamiento<\/p>\n\n\n\n<p>En MICROSERVEI el tratamiento de los datos tiene como finalidad gestionar distintas actividades derivadas de la propia prestaci\u00f3n del servicio, as\u00ed como para llevar a cabo algunas acciones tales como la realizaci\u00f3n y desarrollo de los servicios contratados por el Usuario, acciones comerciales y env\u00edos publicitarios, gesti\u00f3n administrativa, facturaci\u00f3n, contabilidad y obligaciones legales, gesti\u00f3n de los Usuarios de servicios de la sociedad de la informaci\u00f3n e instalaci\u00f3n de cookies o atender consultas y remitir informaci\u00f3n relacionada con el inter\u00e9s del Usuario.<\/p>\n\n\n\n<p>En caso de que el Usuario est\u00e9 obligado a facilitar sus datos personales para poder ejecutar un contrato o hacer efectivo un servicio, as\u00ed como cumplir las obligaciones legales o derivadas de las Administraciones P\u00fablicas, MICROSERVEI lo pondr\u00e1 en conocimiento de aquel.<\/p>\n\n\n\n<p>MICROSERVEI no crear\u00e1 perfiles comerciales en base a la informaci\u00f3n ni se tomar\u00e1n decisiones automatizadas sobre el perfil comercial del Usuario.<\/p>\n\n\n\n<p>Legitimaci\u00f3n para el tratamiento<\/p>\n\n\n\n<p>Las bases de legitimaci\u00f3n, ser\u00e1n la correcta ejecuci\u00f3n del contrato y prestaci\u00f3n del servicio, el consentimiento del interesado o el inter\u00e9s leg\u00edtimo de MICROSERVEI, seg\u00fan el caso.<\/p>\n\n\n\n<p>Destinatarios de los datos<\/p>\n\n\n\n<p>Adem\u00e1s de ser MICROSERVEI el destinatario, puede proporcionar los datos recabados del Usuario a terceras personas, lo cual se llevar\u00e1 en todo caso en cumplimiento de la normativa de aplicaci\u00f3n y cumpliendo con las obligaciones de informaci\u00f3n y obtenci\u00f3n del consentimiento del Usuario cuando resultara preceptivo. Ser\u00e1 obligaci\u00f3n de MIROSERVEI garantizar que los terceros receptores de los datos implementen los mismos niveles de seguridad que MICROSERVEI en relaci\u00f3n con los datos personales de los Usuarios y estar\u00e1 vinculados a compromisos legales y\/o contractuales cuando sea necesario para tratar los datos de forma privada y segura.<\/p>\n\n\n\n<p>As\u00ed mismo, MICROSERVEI puede transmitir los datos a organismos de la Administraci\u00f3n P\u00fablica y Autoridades competentes en caso de sea requerida conforme a la legislaci\u00f3n vigente.<\/p>\n\n\n\n<p>Plazo de conservaci\u00f3n de los datos<\/p>\n\n\n\n<p>MICROSERVEI solo almacenar\u00e1 los datos en la medida en que sean necesarios para la finalidad para la que hubieran sido recabados y seg\u00fan la base de legitimaci\u00f3n del tratamiento.<\/p>\n\n\n\n<p>Por tiempo \u201cnecesario\u201d puede significar que MICROSERVEI puede conservar los datos durante un periodo razonable incluso despu\u00e9s de haber abandonado el Usuario el Sitio Web o de haber terminado la prestaci\u00f3n de los Servicios de MICROSERVEI.<\/p>\n\n\n\n<p>En cuanto a los datos personales recopilados mediante formularios de contacto y\/o recogida de informaci\u00f3n, se conservar\u00e1n hasta que el interesado solicite su supresi\u00f3n, salvo que en los mismos se indicara lo contrario.<\/p>\n\n\n\n<p>Por otro lado, los datos proporcionados por empresas, se mantendr\u00e1n tanto como dure la relaci\u00f3n mercantil o comercial, respetando los m\u00ednimos legales de conservaci\u00f3n dependiendo de la materia.<\/p>\n\n\n\n<p>Una vez cumplido todo lo anterior, MICROSERVEI eliminar\u00e1 los datos de todos sus sistemas.<\/p>\n\n\n\n<p>Derechos del Usuario<\/p>\n\n\n\n<p>Cualquier persona tiene derecho a saber si MICROSERVEI est\u00e1 tratando o no sus datos de car\u00e1cter personal.<\/p>\n\n\n\n<p>Las personas interesadas tienen derecho de acceso a sus datos personales, derecho a la rectificaci\u00f3n de datos inexactos o solicitar su supresi\u00f3n en caso de que los datos fueron solicitados para fines que ya se han cumplido.<\/p>\n\n\n\n<p>En ciertas circunstancias, pueden solicitar la limitaci\u00f3n del tratamiento de sus datos u oposici\u00f3n a la utilizaci\u00f3n de estos. En estos casos MICROSERVEI deber\u00e1 de dejar de tratar dichos datos salvo motivos leg\u00edtimos imperiosos o ejercicio o defensa de posibles reclamaciones.<\/p>\n\n\n\n<p>El Usuario tiene, adem\u00e1s, derecho a retirar los consentimientos otorgados en todo momento, sin que ello suponga que el tratamiento basado en dichos datos sea il\u00edcito.<\/p>\n\n\n\n<p>Para ejercer tales derechos, el Usuario se puede dirigir por escrito utilizando los datos de contacto del \u201cresponsable de tratamiento\u201d, presentando copia de su DNI o mediante un correo electr\u00f3nico a la direcci\u00f3n de su Delegado de Protecci\u00f3n de Datos (DPO): hola@microservei.com<\/p>\n\n\n\n<p>En el supuesto de que no obtenga una respuesta satisfactoria por estos medios, podr\u00e1 dirigirse a la Agencia Espa\u00f1ola de Protecci\u00f3n de Datos (calle Jorge Juan n\u00famero 6, 28001, Madrid\/ www.agdp.es) a efectos de recabar informaci\u00f3n adicional o, en su caso, presentar interponer una reclamaci\u00f3n.<\/p>\n\n\n\n<p>Medidas de seguridad.<\/p>\n\n\n\n<p>MICROSERVEI tiene implantadas las medidas de seguridad de \u00edndole t\u00e9cnica y organizativa necesarias para garantizar la seguridad de sus datos de car\u00e1cter personal y as\u00ed evitar su alteraci\u00f3n, p\u00e9rdida y tratamiento y\/o acceso no autorizado, habida cuenta del estado de la tecnolog\u00eda, la naturaleza de los datos almacenados y los riesgos a que est\u00e1n expuestos, ya provengan de acci\u00f3n humana o del medio f\u00edsico o natural.<\/p>\n\n\n\n<p>MICROSERVEI mantiene en todo momento la supervisi\u00f3n, control y evaluaci\u00f3n de los procesos para asegurar el respeto a la privacidad de los datos.<\/p>\n\n\n\n<p>MICROSERVEI utiliza el servicio de la tecnolog\u00eda Secure Socket Layer (SSL), el cual permite las comunicaciones y el comercio electr\u00f3nico seguros en sitios web, intranets y extranets. La recogida de datos de usuario y las operaciones de pago que se realicen a trav\u00e9s del sitio web se tramitan de forma segura. SSL garantiza la confidencialidad mediante la codificaci\u00f3n de la informaci\u00f3n recibida.<\/p>\n\n\n\n<p>Todos los datos proporcionados por los Usuarios est\u00e1n protegidos contra cualquier acceso sin autorizaci\u00f3n.<\/p>\n\n\n\n<p>Perfiles de usuario<\/p>\n\n\n\n<p>Todos los Usuarios que contraten los Servicios ofertados por MICROSERVEI por medio del Sitio Web, contar\u00e1n con un perfil de usuario en el que se recoger\u00e1n sus datos personales y detalles de facturaci\u00f3n, que facilitar\u00e1 las compras futuras.<\/p>\n\n\n\n<p>Cada Usuario registrado contar\u00e1 con un nombre de usuario y una contrase\u00f1a, siendo responsabilidad del propio Usuario su conservaci\u00f3n y tratamiento con car\u00e1cter confidencial, declar\u00e1ndose conocedor de la prohibici\u00f3n de compartir tales datos con terceros o permitir a \u00e9stos su uso.<\/p>\n\n\n\n<p>MICROSERVEIno aceptar\u00e1 reclamaci\u00f3n ni se hace responsable en caso de que alg\u00fan usuario que hubiese cedido, entregado, perdido o facilitado su contrase\u00f1a a terceras personas.<\/p>\n\n\n\n<p>El Usuario declara que los datos de car\u00e1cter personal que notifica a MICROSERVEI son veraces y correctos y que, ante cualquier modificaci\u00f3n, conoce que deber\u00e1 comunicar la modificaci\u00f3n a MICROSERVEI a la mayor brevedad posible.<\/p>\n\n\n\n<p>Se utilizar\u00e1 la informaci\u00f3n personal para la identificaci\u00f3n como Usuario, para procesar los pedidos, y para enviar informaci\u00f3n relevante para el cliente acerca de compras y pedidos, siempre y cuando no haya manifestado su negativa a recibir este tipo de informaci\u00f3n.<\/p>\n\n\n\n<p>Modificaciones de la Pol\u00edtica de Privacidad<\/p>\n\n\n\n<p>MICROSERVEI se reserva el derecho de modificar la presente Pol\u00edtica de Privacidad, siendo la versi\u00f3n vigente aquella publicada en cada momento. MICROSERVEI podr\u00e1 modificar de forma unilateral y sin aviso previo la Pol\u00edtica de Privacidad, sin que de ello se derive derecho alguno para el Usuario m\u00e1s all\u00e1 de los que expresamente se le reconozcan en los textos legales del Sitio Web.<\/p>\n","protected":false},"excerpt":{"rendered":"<p>Responsable:&nbsp;Microservei Informatica i Xarxes SL Finalidad:&nbsp;Gestionar distintas actividades derivadas de la propia prestaci\u00f3n del servicio, acciones comerciales, consultas, etc. Legitimaci\u00f3n: La correcta ejecuci\u00f3n del contrato, inter\u00e9s leg\u00edtimo y consentimiento del interesado. Destinatarios: MICROSERVEI as\u00ed como terceras personas que deben mantener en todo momento los mismos niveles de seguridad que MICROSERVEI en relaci\u00f3n a los datos [&hellip;]<\/p>\n","protected":false},"author":1,"featured_media":0,"parent":0,"menu_order":0,"comment_status":"closed","ping_status":"open","template":"","meta":{"_et_pb_use_builder":"","_et_pb_old_content":"","_et_gb_content_width":"1920","footnotes":""},"class_list":["post-891","page","type-page","status-publish","hentry"],"_links":{"self":[{"href":"https:\/\/microservei.com\/ca\/wp-json\/wp\/v2\/pages\/891","targetHints":{"allow":["GET"]}}],"collection":[{"href":"https:\/\/microservei.com\/ca\/wp-json\/wp\/v2\/pages"}],"about":[{"href":"https:\/\/microservei.com\/ca\/wp-json\/wp\/v2\/types\/page"}],"author":[{"embeddable":true,"href":"https:\/\/microservei.com\/ca\/wp-json\/wp\/v2\/users\/1"}],"replies":[{"embeddable":true,"href":"https:\/\/microservei.com\/ca\/wp-json\/wp\/v2\/comments?post=891"}],"version-history":[{"count":1,"href":"https:\/\/microservei.com\/ca\/wp-json\/wp\/v2\/pages\/891\/revisions"}],"predecessor-version":[{"id":892,"href":"https:\/\/microservei.com\/ca\/wp-json\/wp\/v2\/pages\/891\/revisions\/892"}],"wp:attachment":[{"href":"https:\/\/microservei.com\/ca\/wp-json\/wp\/v2\/media?parent=891"}],"curies":[{"name":"wp","href":"https:\/\/api.w.org\/{rel}","templated":true}]}}