{"id":894,"date":"2026-01-13T10:26:25","date_gmt":"2026-01-13T10:26:25","guid":{"rendered":"https:\/\/microservei.com\/politica-de-cookies\/"},"modified":"2026-01-13T10:29:59","modified_gmt":"2026-01-13T10:29:59","slug":"politica-de-cookies","status":"publish","type":"page","link":"https:\/\/microservei.com\/ca\/politica-de-cookies\/","title":{"rendered":"POLITICA DE COOKIES"},"content":{"rendered":"\n<p>Mediante esta Pol\u00edtica de Cookies (la \u201cPol\u00edtica de Cookies\u201d), MICROSERVEIinforma a cualquier usuario (el \u201cUsuario\u201d) que acceda al sitio web www.microservei.com (el \u201cSitio Web\u201d) sobre las cookies que se utilizan en el mismo.<\/p>\n\n\n\n<p>Definici\u00f3n e informaci\u00f3n general sobre e tipo de cookies utilizadas en el Sitio Web<\/p>\n\n\n\n<p>El acceso al Sitio Web implica la utilizaci\u00f3n de cookies.<\/p>\n\n\n\n<p>Una cookie es un fichero de texto que se descarga en el equipo terminal del Usuario para almacenar, durante su navegaci\u00f3n en el mismo, ciertos datos con una o varias finalidades.<\/p>\n\n\n\n<p>Las cookies permiten al Sitio Web, entre otras cosas, almacenar y recuperar informaci\u00f3n sobre el n\u00famero de visitas, los h\u00e1bitos de navegaci\u00f3n del Usuario y, dependiendo de la informaci\u00f3n que contengan y de la forma en la que el Usuario utilice el equipo, pueden utilizarse para reconocer al Usuario.<\/p>\n\n\n\n<p>El Usuario debe tener en cuenta que para poder utilizar el Sitio Web es necesario que tenga habilitadas las cookies, especialmente aquellas de car\u00e1cter t\u00e9cnico que resulten necesarias para que el Sitio Web pueda identificarle como Usuario registrado cada vez que se acceda a este.<\/p>\n\n\n\n<p>Tipos de cookies utilizadas en el Sitio Web<\/p>\n\n\n\n<p>En particular, MICROSERVEI informa al Usuario que el Sitio Web utiliza los siguientes tipos de cookies, que se distinguen en las siguientes clases.<\/p>\n\n\n\n<p>Cookies propias: Son aqu\u00e9llas que se env\u00edan al equipo terminal del Usuario desde un equipo o dominio gestionado por el propio editor y desde el que se presta el servicio solicitado por el Usuario.<\/p>\n\n\n\n<p>Cookies de terceros: Son aqu\u00e9llas que se env\u00edan al equipo terminal del Usuario desde un equipo o dominio que no es gestionado por el editor, sino por otra entidad que trata los datos obtenidos trav\u00e9s de las cookies.<\/p>\n\n\n\n<p>En el caso de que las cookies sean instaladas desde un equipo o dominio gestionado por el propio editor, pero la informaci\u00f3n que se recoja mediante \u00e9stas sea gestionada por un tercero, no pueden ser consideradas como cookies propias.<\/p>\n\n\n\n<p>Tipos de cookies seg\u00fan el plazo de tiempo que permanezcan activadas:<\/p>\n\n\n\n<p>Seg\u00fan el plazo de tiempo que permanezcan activadas en el equipo terminal distinguimos:<\/p>\n\n\n\n<p>Cookies de sesi\u00f3n: Son un tipo de cookies dise\u00f1adas para recabar y almacenar datos mientras el Usuario accede a una p\u00e1gina web. Se suelen emplear para almacenar informaci\u00f3n que solo interesa conservar para la prestaci\u00f3n del servicio solicitado por el Usuario en una sola ocasi\u00f3n (p.ej. una lista de productos adquiridos).<\/p>\n\n\n\n<p>Cookies persistentes: Son un tipo de cookies en el que los datos siguen almacenados en el terminal y pueden ser accedidos y tratados durante un periodo definido por el responsable de la cookie, y que puede ir de unos minutos a varios a\u00f1os.<\/p>\n\n\n\n<p>Tipos de cookies seg\u00fan su finalidad:<\/p>\n\n\n\n<p>Seg\u00fan la finalidad para la que se traten los datos obtenidos a trav\u00e9s de las cookies, podemos distinguir entre:<\/p>\n\n\n\n<p>Cookies t\u00e9cnicas: Son aquellas utilizadas por el Sitio Web que permiten al Usuario la navegaci\u00f3n y la utilizaci\u00f3n de las diferentes opciones o servicios que se ofrecen como, por ejemplo, controlar el tr\u00e1fico y la comunicaci\u00f3n de datos, acceder a partes de acceso restringido, realizar el proceso de compra de un pedido, utilizar elementos de seguridad, almacenar contenidos para poder difundir v\u00eddeos o compartir contenidos a trav\u00e9s de redes sociales.<\/p>\n\n\n\n<p>Cookies de personalizaci\u00f3n: Son aquellas utilizadas por el Sitio Web que permiten al Usuario acceder al Sitio Web con algunas caracter\u00edsticas de car\u00e1cter general predefinidas en funci\u00f3n de una serie de criterios en su terminal como, por ejemplo, el idioma, el tipo de navegador, la configuraci\u00f3n regional desde donde accede, etc. Las cookies de personalizaci\u00f3n pueden aportar datos sobre qu\u00e9 idiomas prefiere el Usuario y cu\u00e1les son sus preferencias de comunicaci\u00f3n. Asimismo, pueden ayudar al Usuario a rellenar los formularios en el Sitio Web con mayor facilidad.<\/p>\n\n\n\n<p>Cookies de rendimiento, an\u00e1lisis y navegaci\u00f3n: Son aquellas utilizadas por el Sitio Web y por GOOGLE ANALYTICS que permiten cuantificar el n\u00famero de Usuarios y as\u00ed realizar la medici\u00f3n y an\u00e1lisis estad\u00edstico de la utilizaci\u00f3n y actividad que hacen los Usuarios, as\u00ed como elaborar perfiles de navegaci\u00f3n de \u00e9stos para poder introducir mejoras en el Sitio Web.<\/p>\n\n\n\n<p>Cookies publicitarias y de publicidad comportamental: Son aquellas utilizadas por el Sitio Web y por los colaboradores del mismo que gestionan los espacios que sirven publicidad en el presente Sitio Web que permiten difundir publicidad adecuada y relevante, medir la efectividad de las campa\u00f1as de MICROSERVEI online, gestionar la oferta de espacios publicitarios en el Sitio Web, as\u00ed como adecuar el contenido de los anuncios al perfil de navegaci\u00f3n de cada Usuario en internet.<\/p>\n\n\n\n<p>Asimismo, el Sitio Web tambi\u00e9n puede utilizar una cookie para averiguar si los Usuarios que vieron un anuncio en el Sitio Web visitaron m\u00e1s tarde el sitio web del anunciante. El Usuario debe tener en cuenta que, aunque el Sitio Web no utiliza cookies para crear un perfil de su comportamiento de navegaci\u00f3n en sitios webs de terceros, s\u00ed que utiliza los datos agregados de terceros, los datos de su perfil y la actividad en el Sitio Web para mostrarle publicidad relevante basada en sus intereses.<\/p>\n\n\n\n<p>Las cookies permanecer\u00e1n almacenadas durante 365 d\u00edas.<\/p>\n\n\n\n<p>Cookies espec\u00edficas que utiliza este Sitio Web:<\/p>\n\n\n\n<p>El Sitio Web utiliza tecnolog\u00eda de an\u00e1lisis web para terceros como CLICY y GOOGLE ANALYTICS que se encargan de recoger informaci\u00f3n de los Usuarios que visitan la p\u00e1gina web. Los fines de la informaci\u00f3n que se recoge son principalmente fines de marketing y optimizaci\u00f3n de la p\u00e1gina web. MICROSERVEI puede utilizar las cookies de sus partners para guardar la informaci\u00f3n que se mantendr\u00e1 de forma totalmente an\u00f3nima. Esta informaci\u00f3n le sirve para conocer qu\u00e9 sitios web son los m\u00e1s atractivos para sus clientes, los productos de inter\u00e9s y las ofertas que quiere ver el Usuario. Aunque los partners son los que utilizan la informaci\u00f3n en nombre de MICROSERVEI, esta controla la forma de utilizaci\u00f3n de esta.<\/p>\n\n\n\n<p>Por otro lado, MICROSERVEI utiliza CONYAK, que registra un ID \u00fanico que identifica el dispositivo del Usuario en las visitas que posteriormente realice en las p\u00e1ginas web que utilizan la misma red de anuncios. Esta cookie convierte el ID de Usuario (el que se utiliza para entrar en cualquier p\u00e1gina web) en un valor cifrado relacionado con el dispositivo que visit\u00f3 el Sitio Web.<\/p>\n\n\n\n<p>Forma de desactivar o eliminar las cookies descritas:<\/p>\n\n\n\n<p>En caso de no querer ayudar al Sitio Web de MICROSERVEI, el Usuario siempre puede deshabilitar o cambiar la configuraci\u00f3n de cookies en su navegador.<\/p>\n\n\n\n<p>Se debe tener en cuenta que, en caso de cambiar la configuraci\u00f3n de cookies, la experiencia del Usuario puede ser peor ya que dejar\u00e1 de ser personalizada.<\/p>\n\n\n\n<p>Puedes modificar tus preferencias sobre cookies aqu\u00ed.<\/p>\n\n\n\n<p>Consentimiento informado<\/p>\n\n\n\n<p>La mera utilizaci\u00f3n del presente Sitio Web implica que el Usuario presta su consentimiento expreso e inequ\u00edvoco a la utilizaci\u00f3n de cookies, en los t\u00e9rminos y condiciones previstos en la Pol\u00edtica, sin perjuicio de las medidas de desactivaci\u00f3n y eliminaci\u00f3n de las cookies que el Usuario pueda adoptar, comentadas en el apartado anterior. No obstante, MICROSERVEI requerir\u00e1 el consentimiento expreso mediante una acci\u00f3n claramente afirmativa del Usuario para hacer uso de las cookies aqu\u00ed recogidas.<\/p>\n\n\n\n<p>Para m\u00e1s informaci\u00f3n acerca de las cookies puede consultar&nbsp;<a href=\"https:\/\/www.allaboutcookies.org\/\">www.allaboutcookies.org<\/a><\/p>\n\n\n\n<p>A continuaci\u00f3n, le proporcionamos los enlaces de diversos navegadores, a trav\u00e9s de los cuales podr\u00e1 modificar la configuraci\u00f3n de su navegador sobre el uso de cookies:<\/p>\n\n\n\n<p>Firefox desde aqu\u00ed:<br><a href=\"http:\/\/support.mozilla.org\/es\/kb\/habilitar-y-deshabilitar-cookies-que-los-sitios-we\">http:\/\/support.mozilla.org\/es\/kb\/habilitar-y-deshabilitar-cookies-que-los-sitios-we<\/a><\/p>\n\n\n\n<p>Chrome desde aqu\u00ed:<br><a href=\"http:\/\/support.google.com\/chrome\/bin\/answer.py?hl=es&amp;answer=95647\">http:\/\/support.google.com\/chrome\/bin\/answer.py?hl=es&amp;answer=95647<\/a><\/p>\n\n\n\n<p>Explorer desde aqu\u00ed:<br><a href=\"http:\/\/windows.microsoft.com\/es-es\/internet-explorer\/delete-manage-cookies#ie=ie-10\">http:\/\/windows.microsoft.com\/es-es\/internet-explorer\/delete-manage-cookies#ie=ie-10<\/a><\/p>\n\n\n\n<p>Safari desde aqu\u00ed:<br><a href=\"https:\/\/support.apple.com\/kb\/ph17191?locale=es_ES\">https:\/\/support.apple.com\/kb\/ph17191?locale=es_ES<\/a><\/p>\n\n\n\n<p>Opera desde aqu\u00ed:<br><a href=\"https:\/\/help.opera.com\/en\/latest\/web-preferences\/#cookies\">https:\/\/help.opera.com\/en\/latest\/web-preferences\/#cookies<\/a><\/p>\n\n\n\n<p>Para conocer m\u00e1s informaci\u00f3n sobre el tratamiento de datos personales, le recomendamos visitar nuestro apartado&nbsp;<a href=\"https:\/\/gigas.com\/legal-proteccion-de-datos.html\">Pol\u00edtica de Privacidad.<\/a><\/p>\n","protected":false},"excerpt":{"rendered":"<p>Mediante esta Pol\u00edtica de Cookies (la \u201cPol\u00edtica de Cookies\u201d), MICROSERVEIinforma a cualquier usuario (el \u201cUsuario\u201d) que acceda al sitio web www.microservei.com (el \u201cSitio Web\u201d) sobre las cookies que se utilizan en el mismo. Definici\u00f3n e informaci\u00f3n general sobre e tipo de cookies utilizadas en el Sitio Web El acceso al Sitio Web implica la utilizaci\u00f3n [&hellip;]<\/p>\n","protected":false},"author":1,"featured_media":0,"parent":0,"menu_order":0,"comment_status":"closed","ping_status":"closed","template":"","meta":{"_et_pb_use_builder":"off","_et_pb_old_content":"","_et_gb_content_width":"1920","footnotes":""},"class_list":["post-894","page","type-page","status-publish","hentry"],"_links":{"self":[{"href":"https:\/\/microservei.com\/ca\/wp-json\/wp\/v2\/pages\/894","targetHints":{"allow":["GET"]}}],"collection":[{"href":"https:\/\/microservei.com\/ca\/wp-json\/wp\/v2\/pages"}],"about":[{"href":"https:\/\/microservei.com\/ca\/wp-json\/wp\/v2\/types\/page"}],"author":[{"embeddable":true,"href":"https:\/\/microservei.com\/ca\/wp-json\/wp\/v2\/users\/1"}],"replies":[{"embeddable":true,"href":"https:\/\/microservei.com\/ca\/wp-json\/wp\/v2\/comments?post=894"}],"version-history":[{"count":1,"href":"https:\/\/microservei.com\/ca\/wp-json\/wp\/v2\/pages\/894\/revisions"}],"predecessor-version":[{"id":895,"href":"https:\/\/microservei.com\/ca\/wp-json\/wp\/v2\/pages\/894\/revisions\/895"}],"wp:attachment":[{"href":"https:\/\/microservei.com\/ca\/wp-json\/wp\/v2\/media?parent=894"}],"curies":[{"name":"wp","href":"https:\/\/api.w.org\/{rel}","templated":true}]}}